{"id":15887,"date":"2025-03-27T17:55:42","date_gmt":"2025-03-27T16:55:42","guid":{"rendered":"https:\/\/weprecious.com\/boutique\/non%20class\u00e9\/alliance-tiffany-forever-tiffany-co-t48\/"},"modified":"2026-03-28T12:34:46","modified_gmt":"2026-03-28T11:34:46","slug":"alliance-tiffany-forever-tiffany-co-t48","status":"publish","type":"product","link":"https:\/\/weprecious.com\/en\/boutique\/marques\/tiffany-co\/tiffany-forever\/alliance-tiffany-forever-tiffany-co-t48\/","title":{"rendered":"Alliance Tiffany Forever Tiffany &amp; Co, T48"},"content":{"rendered":"<h4>Description : Alliance Tiffany Forever Tiffany &amp; Co d&rsquo;occasion, T48 <\/h4>\n<p>Alliance Tiffany Forever Tiffany &amp; Co d&rsquo;occasion en Platine 950\/1000 et Saphir Rose, Diamant. Bague alliance demi-tour en platine habill\u00e9e de 3 diamants taille brillants et 4 saphirs roses ronds facett\u00e9s en serti griffes. \u00c0 l\u2019int\u00e9rieur de l\u2019anneau, on peut voir la signature TIFFANY &amp; Co. et le nombre 925 pour le platine. Tour de doigt : 48. Bijou Tiffany &amp; Co sign\u00e9 et authentifi\u00e9.<\/p>\n<h4>Status<\/h4>\n<p><a href=\"https:\/\/weprecious.com\/en\/buying-guide\/\" target=\"_blank\" rel=\"noopener\">Second Hand Grade A: Excellent condition with few visible signs of use<\/a>.<br \/>Excellent condition: this jewel has been carefully cleaned by a professional jeweller and repackaged. Very few traces of use visible to the naked eye. <\/p>\n<h4>Details<\/h4>\n<p>. Platinum 950\/1000<br \/>. 4 pink sapphires <br \/>\n. 3 brilliant-cut diamonds<br \/>. Finger size: 48<br \/>. Weight : <\/p>\n<h4>Packaging and certificates<\/h4>\n<p>. Discreetly signed weprecious box or pouch.<br \/>. Certificate drawn up by our expert partner.<br \/>\n. All our jewellery is delivered to you with a weprecious Certificate of Expertise. This certificate bears a unique number corresponding to the unique certificate issued by our expert partner, Patrimoine Joaillerie. This certificate is digitised and made available to you after purchase.<\/p>\n<p>. Find out more about <a href=\"https:\/\/weprecious.com\/en\/buy-a-jewel\/\" target=\"_blank\" rel=\"noopener\">expertise <strong>weprecious<\/strong><\/a>.<\/p>\n<h4>Jewellery History<\/h4>\n<p>La collection Tiffany Forever c\u00e9l\u00e8bre l\u2019amour \u00e9ternel \u00e0 travers des alliances et bagues de fian\u00e7ailles \u00e0 l\u2019\u00e9l\u00e9gance intemporelle. Con\u00e7ue par Tiffany &amp; Co., maison embl\u00e9matique du savoir-faire joaillier, elle met en lumi\u00e8re la puret\u00e9 et l\u2019\u00e9clat du diamant, symbole d\u2019un engagement in\u00e9branlable. Chaque pi\u00e8ce, fa\u00e7onn\u00e9e avec pr\u00e9cision dans des mat\u00e9riaux pr\u00e9cieux comme le platine ou l\u2019or, incarne la promesse d\u2019un lien ind\u00e9fectible, sublim\u00e9 par l\u2019expertise l\u00e9gendaire de Tiffany.<br \/>Find out more about the Jewellery House <a href=\"https:\/\/weprecious.com\/en\/bijoux-tiffany-co-occasion\/\" target=\"_blank\" rel=\"noopener\">Tiffany &amp; Co<\/a>.<\/p>\n<h4>More information<\/h4>\n<p>More inspiration on our accounts\u00a0<a href=\"https:\/\/www.pinterest.fr\/weprecious_bijoux\/\" target=\"_blank\" rel=\"noopener nofollow\">Pinterest<\/a>\u00a0and\u00a0<a href=\"https:\/\/www.instagram.com\/weprecious_fr\/\" target=\"_blank\" rel=\"noopener nofollow\">Instagram<\/a><\/p>","protected":false},"excerpt":{"rendered":"<p>Second-hand Tiffany Forever Tiffany &amp; Co wedding ring in 950\/1000 platinum. An elegant ring set with diamonds and sparkling pink sapphires, highlighting a refined design. <\/p>\n<p>Un mod\u00e8le intemporel qui met en avant l&rsquo;\u00e9clat des pierres et l&rsquo;expertise l\u00e9gendaire de la maison Tiffany &amp; co.<\/p>\n<p>Choose an eye-catching wedding ring that symbolises an eternal bond.<\/p>","protected":false},"featured_media":15878,"template":"","meta":{"_acf_changed":false,"_angie_page":false,"_joinchat":[]},"product_brand":[],"product_cat":[23,348,126,502],"product_tag":[468,412,639,477],"class_list":{"0":"post-15887","1":"product","2":"type-product","3":"status-publish","4":"has-post-thumbnail","6":"product_cat-bagues","7":"product_cat-nouveaute","8":"product_cat-tiffany-co","9":"product_cat-tiffany-forever","10":"product_tag-catalogue","11":"product_tag-exclusivite","12":"product_tag-expedition-48h","13":"product_tag-nouveaute","14":"pa_etat-categorie-a-excellent-etat","15":"pa_marque-tiffanyco","16":"pa_metal-platine","17":"pa_pierre-diamant","18":"pa_pierre-saphir-rose","19":"pa_taille-29","21":"first","22":"instock","23":"sold-individually","24":"purchasable","25":"product-type-simple"},"acf":[],"_links":{"self":[{"href":"https:\/\/weprecious.com\/en\/wp-json\/wp\/v2\/product\/15887","targetHints":{"allow":["GET"]}}],"collection":[{"href":"https:\/\/weprecious.com\/en\/wp-json\/wp\/v2\/product"}],"about":[{"href":"https:\/\/weprecious.com\/en\/wp-json\/wp\/v2\/types\/product"}],"version-history":[{"count":0,"href":"https:\/\/weprecious.com\/en\/wp-json\/wp\/v2\/product\/15887\/revisions"}],"wp:featuredmedia":[{"embeddable":true,"href":"https:\/\/weprecious.com\/en\/wp-json\/wp\/v2\/media\/15878"}],"wp:attachment":[{"href":"https:\/\/weprecious.com\/en\/wp-json\/wp\/v2\/media?parent=15887"}],"wp:term":[{"taxonomy":"product_brand","embeddable":true,"href":"https:\/\/weprecious.com\/en\/wp-json\/wp\/v2\/product_brand?post=15887"},{"taxonomy":"product_cat","embeddable":true,"href":"https:\/\/weprecious.com\/en\/wp-json\/wp\/v2\/product_cat?post=15887"},{"taxonomy":"product_tag","embeddable":true,"href":"https:\/\/weprecious.com\/en\/wp-json\/wp\/v2\/product_tag?post=15887"}],"curies":[{"name":"wp","href":"https:\/\/api.w.org\/{rel}","templated":true}]}}