{"id":15690,"date":"2025-03-14T09:55:40","date_gmt":"2025-03-14T08:55:40","guid":{"rendered":"https:\/\/weprecious.com\/?post_type=product&#038;p=15690"},"modified":"2026-03-28T12:34:18","modified_gmt":"2026-03-28T11:34:18","slug":"alliance-ice-cube-chopard-t50","status":"publish","type":"product","link":"https:\/\/weprecious.com\/en\/boutique\/marques\/chopard\/ice-cube\/alliance-ice-cube-chopard-t50\/","title":{"rendered":"Bague Ice Cube Chopard, T50"},"content":{"rendered":"<h4>Description : Bague Ice Cube Chopard d&rsquo;occasion, T50 <\/h4>\n<p>Bague Ice Cube Chopard d&rsquo;occasion en Or Blanc 750\/1000 (18K) et Diamant. La bague pr\u00e9sente une succession de petits cubes sertis de diamants taille brillant. Tour de doigt : 50. Bijou Chopard sign\u00e9 et authentifi\u00e9.<\/p>\n<h4>Status<\/h4>\n<p><a href=\"https:\/\/weprecious.com\/en\/buying-guide\/\" target=\"_blank\" rel=\"noopener\">Category A: Excellent condition.<\/a>.<br \/>Second-hand jewellery in excellent condition with no particular defects Each piece of jewellery is carefully checked, cleaned by our workshop and repackaged before dispatch. <\/p>\n<h4>Details<\/h4>\n<p>. 750\/1000 (18K) white gold<br \/>. Bague enti\u00e8rement sertie de diamants taille brillants<br \/>. Finger size: 50<br \/>. Weight : 3,33 gr<\/p>\n<h4>Packaging and certificates<\/h4>\n<p>. Original jewellery case.<\/p>\n<p>. Original jewellery box.<\/p>\n<p>. Certificate of origin from the jewellery brand.<\/p>\n<p>. All our jewellery is delivered to you with a weprecious Certificate of Expertise. This certificate bears a unique number corresponding to the unique certificate issued by our expert partner, Patrimoine Joaillerie. This certificate is digitised and made available to you after purchase.<\/p>\n<p>. Find out more about <a href=\"https:\/\/weprecious.com\/en\/buy-a-jewel\/\" target=\"_blank\" rel=\"noopener\">expertise <strong>weprecious<\/strong><\/a>.<\/p>\n<h4>Jewellery History<\/h4>\n<p>Launched in 1999, the Ice Cube Chopard collection marks a turning point in the history of the House. Inspired by the perfect geometric shape of the cube and the icy purity of ice, this modern, minimalist collection is distinguished by its clean lines and precise angles. The bold, contemporary design of the Ice Cube is both timeless and avant-garde. <br \/>Find out more about the Jewellery House <a href=\"https:\/\/weprecious.com\/en\/second-hand-chopard-jewellery\/\" target=\"_blank\" rel=\"noopener\">Chopard<\/a>.<\/p>\n<h4>More information<\/h4>\n<p>More inspiration on our accounts\u00a0<a href=\"https:\/\/www.pinterest.fr\/weprecious_bijoux\/\" target=\"_blank\" rel=\"noopener nofollow\">Pinterest<\/a>\u00a0and\u00a0<a href=\"https:\/\/www.instagram.com\/weprecious_fr\/\" target=\"_blank\" rel=\"noopener nofollow\">Instagram<\/a><\/p>","protected":false},"excerpt":{"rendered":"<p>Bague Ice Cube Chopard de seconde main en Or Blanc 18 carats (750\/1000). Un design g\u00e9om\u00e9trique \u00e9pur\u00e9 qui capture la lumi\u00e8re avec \u00e9l\u00e9gance.<\/p>\n<p>A luminous, minimalist jewel made up of a succession of small cubes enclosing diamonds in a closed setting.<\/p>\n<p>Bague moderne, Ice Cube scelle votre amour et illumine votre doigt.<\/p>","protected":false},"featured_media":15869,"template":"","meta":{"_acf_changed":false,"_angie_page":false,"_joinchat":[]},"product_brand":[],"product_cat":[23,316,493,348],"product_tag":[191,468,551,412,639,260,441,477],"class_list":{"0":"post-15690","1":"product","2":"type-product","3":"status-publish","4":"has-post-thumbnail","6":"product_cat-bagues","7":"product_cat-chopard","8":"product_cat-ice-cube","9":"product_cat-nouveaute","10":"product_tag-alliance","11":"product_tag-catalogue","12":"product_tag-engagement","13":"product_tag-exclusivite","14":"product_tag-expedition-48h","15":"product_tag-fiancailles","16":"product_tag-selection-2025","17":"product_tag-nouveaute","18":"pa_etat-categorie-a-excellent-etat","19":"pa_marque-chopard","20":"pa_metal-or-blanc","21":"pa_pierre-diamant","22":"pa_taille-31","24":"first","25":"instock","26":"sold-individually","27":"purchasable","28":"product-type-simple"},"acf":[],"_links":{"self":[{"href":"https:\/\/weprecious.com\/en\/wp-json\/wp\/v2\/product\/15690","targetHints":{"allow":["GET"]}}],"collection":[{"href":"https:\/\/weprecious.com\/en\/wp-json\/wp\/v2\/product"}],"about":[{"href":"https:\/\/weprecious.com\/en\/wp-json\/wp\/v2\/types\/product"}],"version-history":[{"count":0,"href":"https:\/\/weprecious.com\/en\/wp-json\/wp\/v2\/product\/15690\/revisions"}],"wp:featuredmedia":[{"embeddable":true,"href":"https:\/\/weprecious.com\/en\/wp-json\/wp\/v2\/media\/15869"}],"wp:attachment":[{"href":"https:\/\/weprecious.com\/en\/wp-json\/wp\/v2\/media?parent=15690"}],"wp:term":[{"taxonomy":"product_brand","embeddable":true,"href":"https:\/\/weprecious.com\/en\/wp-json\/wp\/v2\/product_brand?post=15690"},{"taxonomy":"product_cat","embeddable":true,"href":"https:\/\/weprecious.com\/en\/wp-json\/wp\/v2\/product_cat?post=15690"},{"taxonomy":"product_tag","embeddable":true,"href":"https:\/\/weprecious.com\/en\/wp-json\/wp\/v2\/product_tag?post=15690"}],"curies":[{"name":"wp","href":"https:\/\/api.w.org\/{rel}","templated":true}]}}