{"id":14931,"date":"2025-01-17T09:50:32","date_gmt":"2025-01-17T08:50:32","guid":{"rendered":"https:\/\/weprecious.com\/?post_type=product&#038;p=14931"},"modified":"2025-11-27T15:08:06","modified_gmt":"2025-11-27T14:08:06","slug":"collier-move-uno-messika","status":"publish","type":"product","link":"https:\/\/weprecious.com\/en\/boutique\/marques\/messika\/move\/collier-move-uno-messika\/","title":{"rendered":"Move Uno Messika necklace"},"content":{"rendered":"<h4>Description : Collier Move Uno Messika d&rsquo;occasion <\/h4>\n<p>Collier Move Uno Messika d&rsquo;occasion en or blanc 18 carats (750\/1000). Le bijou pr\u00e9sente un ovale mesurant 14 x 5 mm, serti de diamants qui abrite un diamant en serti clos mobile, retenu par une cha\u00eene maille for\u00e7at lim\u00e9e renforc\u00e9e par 4 diamants en serti clos. La cha\u00eene pr\u00e9sente 4 anneaux de raccourcissement, en plus de l&rsquo;anneau de bout ; ainsi qu&rsquo;un fermoir mousqueton. Le collier est sign\u00e9 Messika et num\u00e9rot\u00e9.<\/p>\n<h4>Status<\/h4>\n<p><a href=\"https:\/\/weprecious.com\/en\/buying-guide\/\" target=\"_blank\" rel=\"noopener\">Second Hand Grade A: Excellent condition with few visible signs of use<\/a>.<br \/>Excellent condition: this jewel shows few signs of use. It was cleaned by a professional jeweller before being repackaged in its original pouch. <\/p>\n<h4>Details<\/h4>\n<p>. 750\/1000 (18K) white gold<br \/>. Diamond paving <br \/>\n. 1 Diamant mobile<br \/>. Taille motif : environ 14 x 5 mm<br \/>\n. Longueur cha\u00eene : 45 cm (ajustable \u00e0 45 cm \/ 43 cm \/ 41 cm \/ 39 cm)<br \/>. Poids : 4,41 gr<\/p>\n<h4>Packaging and certificates<\/h4>\n<p>. Original jewellery box.<br \/>. Certificate drawn up by our expert partner.<br \/>\n. All our jewellery is delivered to you with a weprecious Certificate of Expertise. This certificate bears a unique number corresponding to the unique certificate issued by our expert partner, Patrimoine Joaillerie. This certificate is digitised and made available to you after purchase.<\/p>\n<p>. Find out more about <a href=\"https:\/\/weprecious.com\/en\/buy-a-jewel\/\" target=\"_blank\" rel=\"noopener\">expertise <strong>weprecious<\/strong><\/a>.<\/p>\n<h4>Jewellery History<\/h4>\n<p>An iconic line from Messika, Move Uno features a sliding mobile diamond, combining chic and modernity. An iconic and innovative collection that reinvents jewellery and comes in a number of attractive variations that appeal to all generations.<br \/>Find out more about the Jewellery House <a href=\"https:\/\/weprecious.com\/en\/bijoux-messika-occasion\/\" target=\"_blank\" rel=\"noopener\">Messika<\/a>.<\/p>\n<h4>More information<\/h4>\n<p>More inspiration on our accounts\u00a0<a href=\"https:\/\/www.pinterest.fr\/weprecious_bijoux\/\" target=\"_blank\" rel=\"noopener nofollow\">Pinterest<\/a>\u00a0and\u00a0<a href=\"https:\/\/www.instagram.com\/weprecious_fr\/\" target=\"_blank\" rel=\"noopener nofollow\">Instagram<\/a><\/p>","protected":false},"excerpt":{"rendered":"<p>Collier Move Uno Messika de seconde main en or blanc 18 carats (750\/1000) : une cha\u00eene r\u00e9hauss\u00e9e de 4 diamants, pr\u00e9sentant au sein d&rsquo;un motif ovale central, un diamant mobile qui cr\u00e9e un mouvement original.<\/p>\n<p>A hypnotic design created by Val\u00e9rie Messika, who is inventing the new jewellery: modern, inspiring, light and bold.<\/p>\n<p>Vous ne r\u00e9sisterez pas \u00e0 l&rsquo;attraction de Move Uno. A porter seul ou en accumulation.<\/p>","protected":false},"featured_media":14896,"template":"","meta":{"_acf_changed":false,"_angie_page":false,"_joinchat":[]},"product_brand":[],"product_cat":[24,119,120],"product_tag":[468,499],"class_list":{"0":"post-14931","1":"product","2":"type-product","3":"status-publish","4":"has-post-thumbnail","6":"product_cat-colliers-pendentifs","7":"product_cat-messika","8":"product_cat-move","9":"product_tag-catalogue","10":"product_tag-pepite","11":"pa_etat-categorie-a-excellent-etat","12":"pa_marque-messika","13":"pa_metal-or-blanc","14":"pa_pierre-diamant","15":"pa_taille-40-cm","17":"first","18":"outofstock","19":"sold-individually","20":"purchasable","21":"product-type-simple"},"acf":[],"_links":{"self":[{"href":"https:\/\/weprecious.com\/en\/wp-json\/wp\/v2\/product\/14931","targetHints":{"allow":["GET"]}}],"collection":[{"href":"https:\/\/weprecious.com\/en\/wp-json\/wp\/v2\/product"}],"about":[{"href":"https:\/\/weprecious.com\/en\/wp-json\/wp\/v2\/types\/product"}],"version-history":[{"count":0,"href":"https:\/\/weprecious.com\/en\/wp-json\/wp\/v2\/product\/14931\/revisions"}],"wp:featuredmedia":[{"embeddable":true,"href":"https:\/\/weprecious.com\/en\/wp-json\/wp\/v2\/media\/14896"}],"wp:attachment":[{"href":"https:\/\/weprecious.com\/en\/wp-json\/wp\/v2\/media?parent=14931"}],"wp:term":[{"taxonomy":"product_brand","embeddable":true,"href":"https:\/\/weprecious.com\/en\/wp-json\/wp\/v2\/product_brand?post=14931"},{"taxonomy":"product_cat","embeddable":true,"href":"https:\/\/weprecious.com\/en\/wp-json\/wp\/v2\/product_cat?post=14931"},{"taxonomy":"product_tag","embeddable":true,"href":"https:\/\/weprecious.com\/en\/wp-json\/wp\/v2\/product_tag?post=14931"}],"curies":[{"name":"wp","href":"https:\/\/api.w.org\/{rel}","templated":true}]}}