{"id":14610,"date":"2024-12-13T09:50:33","date_gmt":"2024-12-13T08:50:33","guid":{"rendered":"https:\/\/weprecious.com\/?post_type=product&#038;p=14610"},"modified":"2025-11-27T15:08:15","modified_gmt":"2025-11-27T14:08:15","slug":"ring-move-romane-messika-t55","status":"publish","type":"product","link":"https:\/\/weprecious.com\/en\/boutique\/marques\/messika\/move\/bague-move-romane-messika-t55\/","title":{"rendered":"Move Romane Messika ring, T55"},"content":{"rendered":"<h4>Description : Second-hand Move Romane Messika ring, S55<\/h4>\n<p>Bague Move Romane Messika d&rsquo;occasion en or rose 750\/1000 (18K). La bague pr\u00e9sente 2 anneaux fins tout deux pav\u00e9s de diamants, espac\u00e9s de vide dans lequel 3 diamants sont en mouvement. Vendue avec sa bo\u00eete Messika.<\/p>\n<h4>Status<\/h4>\n<p><a href=\"https:\/\/weprecious.com\/en\/buying-guide\/\" target=\"_blank\" rel=\"noopener\">Second Hand Renovated: Excellent condition with little or no visible signs of use<\/a>.<br \/>\nExcellent condition: this jewel has been polished and renovated by our workshop for a perfect finish and incredible sparkle.<\/p>\n<h4>Details<\/h4>\n<p>. 750\/1000 (18K) pink gold<br \/>\n. Diamond paving<br \/>\n. 3 mobile diamonds<br \/>\n. Width: 4.3 mm<br \/>\n. Finger size: 55<br \/>\n. Weight : 2,90 gr<\/p>\n<h4>Packaging and certificates<\/h4>\n<p>. Original jewellery box.<br \/>\n. All our jewellery is delivered to you with a weprecious Certificate of Expertise. This certificate bears a unique number corresponding to the unique certificate issued by our expert partner, Patrimoine Joaillerie. This certificate is digitised and made available to you after purchase.<\/p>\n<p>. Find out more about <a href=\"https:\/\/weprecious.com\/en\/buy-a-jewel\/\" target=\"_blank\" rel=\"noopener\">expertise <strong>weprecious<\/strong><\/a>.<\/p>\n<h4>Jewellery History<\/h4>\n<p>Find out more about the Jewellery House <a href=\"https:\/\/weprecious.com\/en\/bijoux-messika-occasion\/\" target=\"_blank\" rel=\"noopener\">Messika<\/a>.<\/p>\n<h4>More information<\/h4>\n<p>More inspiration on our accounts&nbsp;<a href=\"https:\/\/www.pinterest.fr\/weprecious_bijoux\/\" target=\"_blank\" rel=\"noopener nofollow\">Pinterest<\/a>&nbsp;and&nbsp;<a href=\"https:\/\/www.instagram.com\/weprecious_fr\/\" target=\"_blank\" rel=\"noopener nofollow\">Instagram<\/a><\/p>","protected":false},"excerpt":{"rendered":"<p>Second-hand Move Romane Messika ring in 18-carat (750\/1000) pink gold. 3 mobile diamonds glide between the graphic lines.<\/p>\n<p>A hypnotic design created by Val\u00e9rie Messika, who is inventing the new jewellery: modern, inspiring, light and bold.<\/p>\n<p>Embrace this new jewellery classic by Messika.<\/p>","protected":false},"featured_media":14882,"template":"","meta":{"_acf_changed":false,"_angie_page":false,"_joinchat":[]},"product_brand":[],"product_cat":[23,119,120,348],"product_tag":[468,441,499],"class_list":{"0":"post-14610","1":"product","2":"type-product","3":"status-publish","4":"has-post-thumbnail","6":"product_cat-bagues","7":"product_cat-messika","8":"product_cat-move","9":"product_cat-nouveaute","10":"product_tag-catalogue","11":"product_tag-selection-2025","12":"product_tag-pepite","13":"pa_etat-categorie-a-renove-excellent-etat","14":"pa_marque-messika","15":"pa_metal-or-rose","16":"pa_pierre-diamant","17":"pa_taille-36","19":"first","20":"outofstock","21":"sale","22":"sold-individually","23":"purchasable","24":"product-type-simple"},"acf":[],"_links":{"self":[{"href":"https:\/\/weprecious.com\/en\/wp-json\/wp\/v2\/product\/14610","targetHints":{"allow":["GET"]}}],"collection":[{"href":"https:\/\/weprecious.com\/en\/wp-json\/wp\/v2\/product"}],"about":[{"href":"https:\/\/weprecious.com\/en\/wp-json\/wp\/v2\/types\/product"}],"version-history":[{"count":0,"href":"https:\/\/weprecious.com\/en\/wp-json\/wp\/v2\/product\/14610\/revisions"}],"wp:featuredmedia":[{"embeddable":true,"href":"https:\/\/weprecious.com\/en\/wp-json\/wp\/v2\/media\/14882"}],"wp:attachment":[{"href":"https:\/\/weprecious.com\/en\/wp-json\/wp\/v2\/media?parent=14610"}],"wp:term":[{"taxonomy":"product_brand","embeddable":true,"href":"https:\/\/weprecious.com\/en\/wp-json\/wp\/v2\/product_brand?post=14610"},{"taxonomy":"product_cat","embeddable":true,"href":"https:\/\/weprecious.com\/en\/wp-json\/wp\/v2\/product_cat?post=14610"},{"taxonomy":"product_tag","embeddable":true,"href":"https:\/\/weprecious.com\/en\/wp-json\/wp\/v2\/product_tag?post=14610"}],"curies":[{"name":"wp","href":"https:\/\/api.w.org\/{rel}","templated":true}]}}