{"id":14440,"date":"2024-12-06T09:58:11","date_gmt":"2024-12-06T08:58:11","guid":{"rendered":"https:\/\/weprecious.com\/?post_type=product&#038;p=14440"},"modified":"2025-11-27T15:08:06","modified_gmt":"2025-11-27T14:08:06","slug":"collier-baby-move-pave-messika","status":"publish","type":"product","link":"https:\/\/weprecious.com\/en\/boutique\/marques\/messika\/move\/collier-baby-move-pave-messika\/","title":{"rendered":"Baby Move Pav\u00e9 Messika necklace"},"content":{"rendered":"<h4>Description : Collier Baby Move Pav\u00e9 Messika d&rsquo;occasion <\/h4>\n<p>Collier Baby Move Messika d&rsquo;occasion en or rose 750\/1000 (18K). Une fine cha\u00eene en or rose avec un motif rectangle arrondi pav\u00e9 de diamants, et en son centre trois diamants de taille brillant mobiles. Le motif mesurant 20 x 5 mm est mont\u00e9 sur une cha\u00eene \u00e0 maille for\u00e7at avec 4 diamants en serti clos de part et d&rsquo;autre du motif (2 de chaque c\u00f4t\u00e9). La chaine mesurant environ 40 cm et comportant 5 anneaux de r\u00e9glage se ferme \u00e0 l\u2019aide d\u2019un anneau ressort. Signature : Messika et num\u00e9rot\u00e9.<\/p>\n<h4>Status<\/h4>\n<p><a href=\"https:\/\/weprecious.com\/en\/buying-guide\/\" target=\"_blank\" rel=\"noopener\">Second Hand Grade A: Excellent condition with few visible signs of use<\/a>.<br \/>Excellent condition: this jewel shows very little wear. It has been carefully cleaned by a professional jeweller before being repackaged. <\/p>\n<h4>Details<\/h4>\n<p>. 750\/1000 (18K) pink gold<br \/>. Diamond paving on the pattern <br \/>\n. 3 loose diamonds set inside the design <br \/>\n. 4 diamants sertis sur la cha\u00eene (2 de chaque c\u00f4t\u00e9 du motif central).<br \/>. Taille motif : 20 mm x 5 mm<br \/>\n. Longueur cha\u00eene : 44 cm (ajustable \u00e0 2 cm, 4 cm et 6 cm)<br \/>. Poids : 4,55 gr<\/p>\n<h4>Packaging and certificates<\/h4>\n<p>. Original jewellery box.<br \/>. Certificate drawn up by our expert partner.<br \/>\n. All our jewellery is delivered to you with a weprecious Certificate of Expertise. This certificate bears a unique number corresponding to the unique certificate issued by our expert partner, Patrimoine Joaillerie. This certificate is digitised and made available to you after purchase.<\/p>\n<p>. Find out more about <a href=\"https:\/\/weprecious.com\/en\/buy-a-jewel\/\" target=\"_blank\" rel=\"noopener\">expertise <strong>weprecious<\/strong><\/a>.<\/p>\n<h4>Jewellery History<\/h4>\n<p>An iconic line from Messika, Baby Move features three sliding mobile diamonds, symbolising the love of yesterday, today and tomorrow. An iconic and innovative collection, combining chic and modernity, reinventing jewellery for all generations.<br \/>Find out more about the Jewellery House <a href=\"https:\/\/weprecious.com\/en\/bijoux-messika-occasion\/\" target=\"_blank\" rel=\"noopener\">Messika<\/a>.<\/p>\n<h4>More information<\/h4>\n<p>More inspiration on our accounts\u00a0<a href=\"https:\/\/www.pinterest.fr\/weprecious_bijoux\/\" target=\"_blank\" rel=\"noopener nofollow\">Pinterest<\/a>\u00a0and\u00a0<a href=\"https:\/\/www.instagram.com\/weprecious_fr\/\" target=\"_blank\" rel=\"noopener nofollow\">Instagram<\/a><\/p>","protected":false},"excerpt":{"rendered":"<p>Collier Baby Move Messika de seconde main en or rose 18 carats (750\/1000). Un collier sur cha\u00eene avec au sein d\u2019un motif ovale pav\u00e9 de diamants, trois diamants mobiles qui ensemble, cr\u00e9ent un mouvement original.<\/p>\n<p>A hypnotic design created by Val\u00e9rie Messika, who is inventing the new jewellery: modern, inspiring, light and bold.<\/p>\n<p>Embrace this new jewellery classic by Messika.<\/p>","protected":false},"featured_media":14528,"template":"","meta":{"_acf_changed":false,"_angie_page":false,"_joinchat":[]},"product_brand":[],"product_cat":[24,119,120],"product_tag":[468],"class_list":{"0":"post-14440","1":"product","2":"type-product","3":"status-publish","4":"has-post-thumbnail","6":"product_cat-colliers-pendentifs","7":"product_cat-messika","8":"product_cat-move","9":"product_tag-catalogue","10":"pa_etat-categorie-a-excellent-etat","11":"pa_marque-messika","12":"pa_metal-or-rose","13":"pa_pierre-diamant","14":"pa_taille-40-cm","16":"first","17":"outofstock","18":"sold-individually","19":"purchasable","20":"product-type-simple"},"acf":[],"_links":{"self":[{"href":"https:\/\/weprecious.com\/en\/wp-json\/wp\/v2\/product\/14440","targetHints":{"allow":["GET"]}}],"collection":[{"href":"https:\/\/weprecious.com\/en\/wp-json\/wp\/v2\/product"}],"about":[{"href":"https:\/\/weprecious.com\/en\/wp-json\/wp\/v2\/types\/product"}],"version-history":[{"count":0,"href":"https:\/\/weprecious.com\/en\/wp-json\/wp\/v2\/product\/14440\/revisions"}],"wp:featuredmedia":[{"embeddable":true,"href":"https:\/\/weprecious.com\/en\/wp-json\/wp\/v2\/media\/14528"}],"wp:attachment":[{"href":"https:\/\/weprecious.com\/en\/wp-json\/wp\/v2\/media?parent=14440"}],"wp:term":[{"taxonomy":"product_brand","embeddable":true,"href":"https:\/\/weprecious.com\/en\/wp-json\/wp\/v2\/product_brand?post=14440"},{"taxonomy":"product_cat","embeddable":true,"href":"https:\/\/weprecious.com\/en\/wp-json\/wp\/v2\/product_cat?post=14440"},{"taxonomy":"product_tag","embeddable":true,"href":"https:\/\/weprecious.com\/en\/wp-json\/wp\/v2\/product_tag?post=14440"}],"curies":[{"name":"wp","href":"https:\/\/api.w.org\/{rel}","templated":true}]}}