{"id":12454,"date":"2024-10-11T09:50:11","date_gmt":"2024-10-11T07:50:11","guid":{"rendered":"https:\/\/weprecious.com\/?post_type=product&#038;p=12454"},"modified":"2026-03-28T12:34:18","modified_gmt":"2026-03-28T11:34:18","slug":"bracelet-menottes-r12-dinh-van-2","status":"publish","type":"product","link":"https:\/\/weprecious.com\/en\/boutique\/marques\/dinh-van\/menottes\/bracelet-menottes-r12-dinh-van-2\/","title":{"rendered":"R12 Menottes Dinh Van Bracelet"},"content":{"rendered":"<h4>Description : Used Dinh Van R12 handcuffs bracelet<\/h4>\n<p>Second-hand Dinh Van handcuff bracelet in 750\/1000 (18K) white gold: a pair of 12 mm handcuffs clasping onto a white gold horse chain. Signed Dinh Van.<\/p>\n<h4>Status<\/h4>\n<p><a href=\"https:\/\/weprecious.com\/en\/buying-guide\/\" target=\"_blank\" rel=\"noopener\">Second Hand Renovated: Excellent condition with little or no visible signs of use<\/a>.<br \/>\nExcellent \u00e9tat : ce bijou a \u00e9t\u00e9 soigneusement rhodi\u00e9 et nettoy\u00e9 par un joailler professionnel.<\/p>\n<h4>Details<\/h4>\n<p>. 750\/1000 (18K) white gold<br \/>\n. Pattern size: 12 mm<br \/>\n. Length: 19 cm<br \/>\n. Weight : 8,19 gr<\/p>\n<h4>Packaging and certificates<\/h4>\n<p>. New unmarked case.<br \/>\n. Certificate of expertise issued by our expert partner.<br \/>\n. Find out more about <a href=\"https:\/\/weprecious.com\/en\/buy-a-jewel\/\" target=\"_blank\" rel=\"noopener\">expertise <strong>weprecious<\/strong><\/a>.<\/p>\n<h4>Jewellery History<\/h4>\n<p>Dinh van makes a simple clasp the main motif of her jewellery: the Menottes and Serrure collections are the best illustrations of this. Menottes takes its inspiration from everyday life, a key ring, and makes it the centrepiece of a collection that has become emblematic of Dinh van, available in many shapes and models.<br \/>\nFind out more about the Jewellery House <a href=\"https:\/\/weprecious.com\/en\/used-dinh-van-jewellery\/\" target=\"_blank\" rel=\"noopener\">Dinh Van<\/a>.<\/p>\n<h4>More information<\/h4>\n<p>More inspiration on our accounts\u00a0<a href=\"https:\/\/www.pinterest.fr\/weprecious_bijoux\/\" target=\"_blank\" rel=\"noopener nofollow\">Pinterest<\/a>\u00a0and\u00a0<a href=\"https:\/\/www.instagram.com\/weprecious_fr\/\" target=\"_blank\" rel=\"noopener nofollow\">Instagram<\/a><\/p>","protected":false},"excerpt":{"rendered":"<p>Second-hand R12 Dinh Van handcuff bracelet in 18-carat (750\/1000) white gold on a white gold horse chain.<\/p>\n<p>The motif represents a pair of handcuffs acting as a clasp: an iconic and timeless creation by Dinh Van.<\/p>\n<p>Choose this jewel that overturns the codes of jewellery: handcuffs as a symbol of love and attachment for men and women.<\/p>\n<p><strong>Condition:<\/strong> <a href=\"https:\/\/weprecious.com\/en\/buying-guide\/\" target=\"_blank\" rel=\"noopener\">Second Hand Renovated: Excellent condition with little or no visible signs of use<\/a>.<\/p>","protected":false},"featured_media":5960,"template":"","meta":{"_acf_changed":false,"_angie_page":false,"_joinchat":{"telephone":"+33679452710"}},"product_brand":[],"product_cat":[25,123,170,348],"product_tag":[639,531],"class_list":{"0":"post-12454","1":"product","2":"type-product","3":"status-publish","4":"has-post-thumbnail","6":"product_cat-bracelets","7":"product_cat-dinh-van","8":"product_cat-menottes","9":"product_cat-nouveaute","10":"product_tag-expedition-48h","11":"product_tag-unisex","12":"pa_boite-boite-sans-marquage","13":"pa_certificat-certificat-dauthenticite-weprecious","14":"pa_marque-dinh-van","15":"pa_metal-or-blanc","16":"pa_pierre-aucune","17":"pa_taille-12-mm","19":"first","20":"instock","21":"sold-individually","22":"purchasable","23":"product-type-simple"},"acf":[],"_links":{"self":[{"href":"https:\/\/weprecious.com\/en\/wp-json\/wp\/v2\/product\/12454","targetHints":{"allow":["GET"]}}],"collection":[{"href":"https:\/\/weprecious.com\/en\/wp-json\/wp\/v2\/product"}],"about":[{"href":"https:\/\/weprecious.com\/en\/wp-json\/wp\/v2\/types\/product"}],"version-history":[{"count":0,"href":"https:\/\/weprecious.com\/en\/wp-json\/wp\/v2\/product\/12454\/revisions"}],"wp:featuredmedia":[{"embeddable":true,"href":"https:\/\/weprecious.com\/en\/wp-json\/wp\/v2\/media\/5960"}],"wp:attachment":[{"href":"https:\/\/weprecious.com\/en\/wp-json\/wp\/v2\/media?parent=12454"}],"wp:term":[{"taxonomy":"product_brand","embeddable":true,"href":"https:\/\/weprecious.com\/en\/wp-json\/wp\/v2\/product_brand?post=12454"},{"taxonomy":"product_cat","embeddable":true,"href":"https:\/\/weprecious.com\/en\/wp-json\/wp\/v2\/product_cat?post=12454"},{"taxonomy":"product_tag","embeddable":true,"href":"https:\/\/weprecious.com\/en\/wp-json\/wp\/v2\/product_tag?post=12454"}],"curies":[{"name":"wp","href":"https:\/\/api.w.org\/{rel}","templated":true}]}}