{"id":5537,"date":"2023-10-12T11:31:06","date_gmt":"2023-10-12T09:31:06","guid":{"rendered":"https:\/\/weprecious.com\/?page_id=5537"},"modified":"2025-04-07T18:52:58","modified_gmt":"2025-04-07T16:52:58","slug":"expertise","status":"publish","type":"page","link":"https:\/\/weprecious.com\/en\/expertise\/","title":{"rendered":"Expertise"},"content":{"rendered":"<div data-elementor-type=\"wp-page\" data-elementor-id=\"5537\" class=\"elementor elementor-5537\" data-elementor-post-type=\"page\">\n\t\t\t\t\t\t<section class=\"elementor-section elementor-top-section elementor-element elementor-element-d2ce016 elementor-section-boxed elementor-section-height-default elementor-section-height-default\" data-id=\"d2ce016\" data-element_type=\"section\" data-e-type=\"section\">\n\t\t\t\t\t\t<div class=\"elementor-container elementor-column-gap-default\">\n\t\t\t\t\t<div class=\"elementor-column elementor-col-100 elementor-top-column elementor-element elementor-element-290e46e\" data-id=\"290e46e\" data-element_type=\"column\" data-e-type=\"column\">\n\t\t\t<div class=\"elementor-widget-wrap elementor-element-populated\">\n\t\t\t\t\t\t<div class=\"elementor-element elementor-element-4e8b8aa elementor-widget elementor-widget-image\" data-id=\"4e8b8aa\" data-element_type=\"widget\" data-e-type=\"widget\" data-widget_type=\"image.default\">\n\t\t\t\t\t\t\t\t\t\t\t\t\t\t\t<img loading=\"lazy\" decoding=\"async\" width=\"1024\" height=\"452\" src=\"https:\/\/weprecious.com\/wp-content\/uploads\/2023\/10\/Expertise-1024x452.jpg\" class=\"attachment-large size-large wp-image-5539\" alt=\"Signed jewellery appraisal with Charlotte Wannebroucq Jewellery heritage\" srcset=\"https:\/\/weprecious.com\/wp-content\/uploads\/2023\/10\/Expertise-1024x452.jpg 1024w, https:\/\/weprecious.com\/wp-content\/uploads\/2023\/10\/Expertise-300x133.jpg 300w, https:\/\/weprecious.com\/wp-content\/uploads\/2023\/10\/Expertise-768x339.jpg 768w, https:\/\/weprecious.com\/wp-content\/uploads\/2023\/10\/Expertise-350x155.jpg 350w, https:\/\/weprecious.com\/wp-content\/uploads\/2023\/10\/Expertise-680x300.jpg 680w, https:\/\/weprecious.com\/wp-content\/uploads\/2023\/10\/Expertise.jpg 1200w\" sizes=\"auto, (max-width: 1024px) 100vw, 1024px\" \/>\t\t\t\t\t\t\t\t\t\t\t\t\t\t\t<\/div>\n\t\t\t\t\t<\/div>\n\t\t<\/div>\n\t\t\t\t\t<\/div>\n\t\t<\/section>\n\t\t\t\t<section class=\"elementor-section elementor-top-section elementor-element elementor-element-739a97c elementor-section-boxed elementor-section-height-default elementor-section-height-default\" data-id=\"739a97c\" data-element_type=\"section\" data-e-type=\"section\">\n\t\t\t\t\t\t<div class=\"elementor-container elementor-column-gap-default\">\n\t\t\t\t\t<div class=\"elementor-column elementor-col-50 elementor-top-column elementor-element elementor-element-aacb328\" data-id=\"aacb328\" data-element_type=\"column\" data-e-type=\"column\">\n\t\t\t<div class=\"elementor-widget-wrap\">\n\t\t\t\t\t\t\t<\/div>\n\t\t<\/div>\n\t\t\t\t<div class=\"elementor-column elementor-col-50 elementor-top-column elementor-element elementor-element-1c4ff5f\" data-id=\"1c4ff5f\" data-element_type=\"column\" data-e-type=\"column\">\n\t\t\t<div class=\"elementor-widget-wrap elementor-element-populated\">\n\t\t\t\t\t\t<div class=\"elementor-element elementor-element-b33b112 elementor-widget__width-initial elementor-widget elementor-widget-heading\" data-id=\"b33b112\" data-element_type=\"widget\" data-e-type=\"widget\" data-widget_type=\"heading.default\">\n\t\t\t\t\t<h1 class=\"elementor-heading-title elementor-size-default\">Jewellery appraisal, Authenticity guarantee<\/h1>\t\t\t\t<\/div>\n\t\t\t\t\t<\/div>\n\t\t<\/div>\n\t\t\t\t\t<\/div>\n\t\t<\/section>\n\t\t\t\t<section class=\"elementor-section elementor-top-section elementor-element elementor-element-d3b948e elementor-section-boxed elementor-section-height-default elementor-section-height-default\" data-id=\"d3b948e\" data-element_type=\"section\" data-e-type=\"section\">\n\t\t\t\t\t\t<div class=\"elementor-container elementor-column-gap-default\">\n\t\t\t\t\t<div class=\"elementor-column elementor-col-50 elementor-top-column elementor-element elementor-element-f8b0ac1\" data-id=\"f8b0ac1\" data-element_type=\"column\" data-e-type=\"column\" data-settings=\"{&quot;background_background&quot;:&quot;classic&quot;}\">\n\t\t\t<div class=\"elementor-widget-wrap\">\n\t\t\t\t\t\t\t<\/div>\n\t\t<\/div>\n\t\t\t\t<div class=\"elementor-column elementor-col-50 elementor-top-column elementor-element elementor-element-b1e5348\" data-id=\"b1e5348\" data-element_type=\"column\" data-e-type=\"column\">\n\t\t\t<div class=\"elementor-widget-wrap elementor-element-populated\">\n\t\t\t\t\t\t<div class=\"elementor-element elementor-element-cb6f4fa elementor-widget__width-initial elementor-widget elementor-widget-text-editor\" data-id=\"cb6f4fa\" data-element_type=\"widget\" data-e-type=\"widget\" data-widget_type=\"text-editor.default\">\n\t\t\t\t\t\t\t\t\t<p>Selling a piece of jewellery you no longer wear should never be a stressful experience!\u00a0<\/p><p>While 70% of jewellery is unworn, and 2 out of 3 women are prepared to buy luxury second-hand, demand is strong but the options for selling and buying second-hand with peace of mind are rarer.<\/p><p>\u00a0<\/p>\t\t\t\t\t\t\t\t<\/div>\n\t\t\t\t\t<\/div>\n\t\t<\/div>\n\t\t\t\t\t<\/div>\n\t\t<\/section>\n\t\t\t\t<section class=\"elementor-section elementor-top-section elementor-element elementor-element-baf762b elementor-section-boxed elementor-section-height-default elementor-section-height-default\" data-id=\"baf762b\" data-element_type=\"section\" data-e-type=\"section\">\n\t\t\t\t\t\t<div class=\"elementor-container elementor-column-gap-default\">\n\t\t\t\t\t<div class=\"elementor-column elementor-col-50 elementor-top-column elementor-element elementor-element-3cafb00\" data-id=\"3cafb00\" data-element_type=\"column\" data-e-type=\"column\" data-settings=\"{&quot;background_background&quot;:&quot;classic&quot;}\">\n\t\t\t<div class=\"elementor-widget-wrap\">\n\t\t\t\t\t\t\t<\/div>\n\t\t<\/div>\n\t\t\t\t<div class=\"elementor-column elementor-col-50 elementor-top-column elementor-element elementor-element-1ce85c8\" data-id=\"1ce85c8\" data-element_type=\"column\" data-e-type=\"column\" data-settings=\"{&quot;background_background&quot;:&quot;classic&quot;}\">\n\t\t\t<div class=\"elementor-widget-wrap elementor-element-populated\">\n\t\t\t\t\t\t<div class=\"elementor-element elementor-element-0ca485f elementor-widget__width-initial elementor-widget elementor-widget-text-editor\" data-id=\"0ca485f\" data-element_type=\"widget\" data-e-type=\"widget\" data-widget_type=\"text-editor.default\">\n\t\t\t\t\t\t\t\t\t<p style=\"text-align: left;\">Second-hand jewellery between private individuals needed\u00a0<b>a dedicated, secure and luxurious world!\u00a0<\/b><\/p><p style=\"text-align: left;\"><b>weprecious<\/b> s mission is to enable private individuals to sell their jewellery between private individuals with peace of mind, at a reasonable price, and thus enhance the value of their assets.<\/p><p>It was therefore necessary to put in place a rigorous appraisal process, with a\u00a0<strong>Authenticity guarantee,<\/strong>\u00a0to make selling between private individuals a stress-free experience.<\/p>\t\t\t\t\t\t\t\t<\/div>\n\t\t\t\t<div class=\"elementor-element elementor-element-1490ce6 elementor-widget__width-initial elementor-widget elementor-widget-text-editor\" data-id=\"1490ce6\" data-element_type=\"widget\" data-e-type=\"widget\" data-widget_type=\"text-editor.default\">\n\t\t\t\t\t\t\t\t\t<div title=\"Page 6\"><div title=\"Page 6\"><p><strong><span style=\"color: #db4242;\">To implement this Authenticity Guarantee according to the rules of the trade, weprecious has chosen an exclusive and independent partner, a member of the CNE-Art (Compagnie Nationale des Experts en Art), to guarantee compliance with the very strict ethical rules of the trade: Patrimoine Joaillerie.<\/span><\/strong><\/p><p><strong><span style=\"color: #db4242;\">Renowned for her professionalism and experience in the jewellery market, Charlotte Wannebroucq, gemmologist and founder of Patrimoine Joaillerie, has 25 years' experience in the profession.<\/span><\/strong><\/p><p><strong><span style=\"color: #db4242;\">\u00a0<\/span><\/strong><\/p><\/div><\/div>\t\t\t\t\t\t\t\t<\/div>\n\t\t\t\t\t<\/div>\n\t\t<\/div>\n\t\t\t\t\t<\/div>\n\t\t<\/section>\n\t\t\t\t<section class=\"elementor-section elementor-top-section elementor-element elementor-element-3a733d7 elementor-section-boxed elementor-section-height-default elementor-section-height-default\" data-id=\"3a733d7\" data-element_type=\"section\" data-e-type=\"section\">\n\t\t\t\t\t\t<div class=\"elementor-container elementor-column-gap-default\">\n\t\t\t\t\t<div class=\"elementor-column elementor-col-50 elementor-top-column elementor-element elementor-element-cdfdaec\" data-id=\"cdfdaec\" data-element_type=\"column\" data-e-type=\"column\" data-settings=\"{&quot;background_background&quot;:&quot;classic&quot;}\">\n\t\t\t<div class=\"elementor-widget-wrap\">\n\t\t\t\t\t\t\t<\/div>\n\t\t<\/div>\n\t\t\t\t<div class=\"elementor-column elementor-col-50 elementor-top-column elementor-element elementor-element-93bf42c\" data-id=\"93bf42c\" data-element_type=\"column\" data-e-type=\"column\">\n\t\t\t<div class=\"elementor-widget-wrap elementor-element-populated\">\n\t\t\t\t\t\t<div class=\"elementor-element elementor-element-6991786 elementor-widget__width-initial elementor-widget elementor-widget-text-editor\" data-id=\"6991786\" data-element_type=\"widget\" data-e-type=\"widget\" data-widget_type=\"text-editor.default\">\n\t\t\t\t\t\t\t\t\t<div class=\"page\" title=\"Page 6\"><div class=\"layoutArea\"><div class=\"column\"><p><span style=\"font-weight: 400;\">Each piece of jewellery undergoes a pre-expertise before being put online, and then an expertise and in-depth analysis before being dispatched. A certificate of expertise authenticates and accompanies each piece of jewellery. With these guarantees, we offer our buyers a smooth and secure experience where they can buy an authentic piece of jewellery and treat themselves with peace of mind:<\/span><\/p><ul><li><span style=\"font-weight: 400;\">- Each salesperson is co-opted and checked beforehand<\/span><\/li><li><span style=\"font-weight: 400;\">- Each piece of jewellery undergoes a pre-expertise and then an expertise.<\/span><\/li><li><span style=\"font-weight: 400;\">- Each piece of jewellery is cleaned and then packaged in a jewellery box<\/span><\/li><li><span style=\"font-weight: 400;\">- Payment is secure and managed by weprecious<\/span><\/li><li><span style=\"font-weight: 400;\">- Transport is safe and insured<\/span><\/li><\/ul><p>\u00a0<\/p><\/div><\/div><\/div>\t\t\t\t\t\t\t\t<\/div>\n\t\t\t\t\t<\/div>\n\t\t<\/div>\n\t\t\t\t\t<\/div>\n\t\t<\/section>\n\t\t\t\t<\/div>","protected":false},"excerpt":{"rendered":"<p>Expertise bijoux, Garantie Authenticit\u00e9 Vendre un bijou que vous ne portez plus ne devrait jamais \u00eatre une exp\u00e9rience stressante !\u00a0 Alors que 70% des bijoux ne sont pas port\u00e9s, et que 2 femmes sur 3 sont pr\u00eates \u00e0 acheter du luxe en seconde main, la demande est forte mais les options pour vendre et acheter &hellip;<\/p>","protected":false},"author":2,"featured_media":0,"parent":0,"menu_order":0,"comment_status":"closed","ping_status":"closed","template":"","meta":{"_acf_changed":false,"_angie_page":false,"_joinchat":[],"footnotes":""},"class_list":["post-5537","page","type-page","status-publish","hentry"],"acf":[],"_links":{"self":[{"href":"https:\/\/weprecious.com\/en\/wp-json\/wp\/v2\/pages\/5537","targetHints":{"allow":["GET"]}}],"collection":[{"href":"https:\/\/weprecious.com\/en\/wp-json\/wp\/v2\/pages"}],"about":[{"href":"https:\/\/weprecious.com\/en\/wp-json\/wp\/v2\/types\/page"}],"author":[{"embeddable":true,"href":"https:\/\/weprecious.com\/en\/wp-json\/wp\/v2\/users\/2"}],"replies":[{"embeddable":true,"href":"https:\/\/weprecious.com\/en\/wp-json\/wp\/v2\/comments?post=5537"}],"version-history":[{"count":0,"href":"https:\/\/weprecious.com\/en\/wp-json\/wp\/v2\/pages\/5537\/revisions"}],"wp:attachment":[{"href":"https:\/\/weprecious.com\/en\/wp-json\/wp\/v2\/media?parent=5537"}],"curies":[{"name":"wp","href":"https:\/\/api.w.org\/{rel}","templated":true}]}}