{"id":2264,"date":"2023-01-10T16:43:22","date_gmt":"2023-01-10T15:43:22","guid":{"rendered":"https:\/\/www.veryprecieuse.com\/?page_id=2264"},"modified":"2025-04-15T19:04:31","modified_gmt":"2025-04-15T17:04:31","slug":"a-propos","status":"publish","type":"page","link":"https:\/\/weprecious.com\/en\/a-propos\/","title":{"rendered":"About us"},"content":{"rendered":"<div data-elementor-type=\"wp-page\" data-elementor-id=\"2264\" class=\"elementor elementor-2264\" data-elementor-post-type=\"page\">\n\t\t\t\t\t\t<section class=\"elementor-section elementor-top-section elementor-element elementor-element-739a97c elementor-section-boxed elementor-section-height-default elementor-section-height-default\" data-id=\"739a97c\" data-element_type=\"section\" data-e-type=\"section\">\n\t\t\t\t\t\t<div class=\"elementor-container elementor-column-gap-default\">\n\t\t\t\t\t<div class=\"elementor-column elementor-col-50 elementor-top-column elementor-element elementor-element-aacb328\" data-id=\"aacb328\" data-element_type=\"column\" data-e-type=\"column\">\n\t\t\t<div class=\"elementor-widget-wrap\">\n\t\t\t\t\t\t\t<\/div>\n\t\t<\/div>\n\t\t\t\t<div class=\"elementor-column elementor-col-50 elementor-top-column elementor-element elementor-element-1c4ff5f\" data-id=\"1c4ff5f\" data-element_type=\"column\" data-e-type=\"column\">\n\t\t\t<div class=\"elementor-widget-wrap elementor-element-populated\">\n\t\t\t\t\t\t<div class=\"elementor-element elementor-element-b33b112 elementor-widget elementor-widget-heading\" data-id=\"b33b112\" data-element_type=\"widget\" data-e-type=\"widget\" data-widget_type=\"heading.default\">\n\t\t\t\t\t<h1 class=\"elementor-heading-title elementor-size-default\">About us<\/h1>\t\t\t\t<\/div>\n\t\t\t\t\t<\/div>\n\t\t<\/div>\n\t\t\t\t\t<\/div>\n\t\t<\/section>\n\t\t\t\t<section class=\"elementor-section elementor-top-section elementor-element elementor-element-d3b948e elementor-section-boxed elementor-section-height-default elementor-section-height-default\" data-id=\"d3b948e\" data-element_type=\"section\" data-e-type=\"section\">\n\t\t\t\t\t\t<div class=\"elementor-container elementor-column-gap-default\">\n\t\t\t\t\t<div class=\"elementor-column elementor-col-50 elementor-top-column elementor-element elementor-element-f8b0ac1\" data-id=\"f8b0ac1\" data-element_type=\"column\" data-e-type=\"column\" data-settings=\"{&quot;background_background&quot;:&quot;classic&quot;}\">\n\t\t\t<div class=\"elementor-widget-wrap\">\n\t\t\t\t\t\t\t<\/div>\n\t\t<\/div>\n\t\t\t\t<div class=\"elementor-column elementor-col-50 elementor-top-column elementor-element elementor-element-b1e5348\" data-id=\"b1e5348\" data-element_type=\"column\" data-e-type=\"column\">\n\t\t\t<div class=\"elementor-widget-wrap elementor-element-populated\">\n\t\t\t\t\t\t<div class=\"elementor-element elementor-element-cb6f4fa elementor-widget__width-initial elementor-widget elementor-widget-text-editor\" data-id=\"cb6f4fa\" data-element_type=\"widget\" data-e-type=\"widget\" data-widget_type=\"text-editor.default\">\n\t\t\t\t\t\t\t\t\t<p>After 17 years working for major luxury brands such as Louis Vuitton and Gucci, and a 10-year entrepreneurial adventure in digital education*, Ga\u00ebl de Dorlodot moved to Tokyo with her family, where she discovered another facet of the circular economy.<\/p><p><em><b>\"I'm impressed by the Japanese ability to recreate a complete second-hand retail ecosystem and the level of quality of the products. I spend my weekends looking for treasures in Harajuku, Shimokitazawa or Shibuya. Each district has its own offer, more or less luxury or fashion, but always with impeccable care, respect for the brand and know-how, and an impressive level of service\".<\/b><\/em><\/p><p>Today, Ga\u00ebl only buys second-hand and in 2022 decided to take an active part in the movement that was set to revolutionise the luxury goods industry, thanks to digital technology and circularity.<\/p><p><b>weprecious<\/b>: It's a story inspired by a love of the product, luxury and craftsmanship, but also by the militant conviction that we need to establish new models of sustainable consumption.<\/p>\t\t\t\t\t\t\t\t<\/div>\n\t\t\t\t<div class=\"elementor-element elementor-element-42d826d elementor-widget__width-initial elementor-widget elementor-widget-text-editor\" data-id=\"42d826d\" data-element_type=\"widget\" data-e-type=\"widget\" data-widget_type=\"text-editor.default\">\n\t\t\t\t\t\t\t\t\t<p>*Edoki Academy is a pioneering digital education platform based on Montessori pedagogy. It allows you to learn according to the precepts of Maria Montessori, a woman who revolutionised education.<\/p>\t\t\t\t\t\t\t\t<\/div>\n\t\t\t\t\t<\/div>\n\t\t<\/div>\n\t\t\t\t\t<\/div>\n\t\t<\/section>\n\t\t\t\t<section class=\"elementor-section elementor-top-section elementor-element elementor-element-a39cace elementor-section-boxed elementor-section-height-default elementor-section-height-default\" data-id=\"a39cace\" data-element_type=\"section\" data-e-type=\"section\">\n\t\t\t\t\t\t<div class=\"elementor-container elementor-column-gap-default\">\n\t\t\t\t\t<div class=\"elementor-column elementor-col-100 elementor-top-column elementor-element elementor-element-a2cb603\" data-id=\"a2cb603\" data-element_type=\"column\" data-e-type=\"column\">\n\t\t\t<div class=\"elementor-widget-wrap elementor-element-populated\">\n\t\t\t\t\t\t<div class=\"elementor-element elementor-element-c2a98ab elementor-widget elementor-widget-spacer\" data-id=\"c2a98ab\" data-element_type=\"widget\" data-e-type=\"widget\" data-widget_type=\"spacer.default\">\n\t\t\t\t\t\t\t<div class=\"elementor-spacer\">\n\t\t\t<div class=\"elementor-spacer-inner\"><\/div>\n\t\t<\/div>\n\t\t\t\t\t\t<\/div>\n\t\t\t\t\t<\/div>\n\t\t<\/div>\n\t\t\t\t\t<\/div>\n\t\t<\/section>\n\t\t\t\t<section class=\"elementor-section elementor-top-section elementor-element elementor-element-baf762b elementor-section-boxed elementor-section-height-default elementor-section-height-default\" data-id=\"baf762b\" data-element_type=\"section\" data-e-type=\"section\">\n\t\t\t\t\t\t<div class=\"elementor-container elementor-column-gap-default\">\n\t\t\t\t\t<div class=\"elementor-column elementor-col-50 elementor-top-column elementor-element elementor-element-3cafb00\" data-id=\"3cafb00\" data-element_type=\"column\" data-e-type=\"column\" data-settings=\"{&quot;background_background&quot;:&quot;classic&quot;}\">\n\t\t\t<div class=\"elementor-widget-wrap\">\n\t\t\t\t\t\t\t<\/div>\n\t\t<\/div>\n\t\t\t\t<div class=\"elementor-column elementor-col-50 elementor-top-column elementor-element elementor-element-1ce85c8\" data-id=\"1ce85c8\" data-element_type=\"column\" data-e-type=\"column\" data-settings=\"{&quot;background_background&quot;:&quot;classic&quot;}\">\n\t\t\t<div class=\"elementor-widget-wrap elementor-element-populated\">\n\t\t\t\t\t\t<div class=\"elementor-element elementor-element-d40a5fb elementor-widget__width-initial elementor-widget elementor-widget-heading\" data-id=\"d40a5fb\" data-element_type=\"widget\" data-e-type=\"widget\" data-widget_type=\"heading.default\">\n\t\t\t\t\t<h2 class=\"elementor-heading-title elementor-size-default\">Our mission<\/h2>\t\t\t\t<\/div>\n\t\t\t\t<div class=\"elementor-element elementor-element-f70c226 elementor-widget__width-initial elementor-widget elementor-widget-text-editor\" data-id=\"f70c226\" data-element_type=\"widget\" data-e-type=\"widget\" data-widget_type=\"text-editor.default\">\n\t\t\t\t\t\t\t\t\t<p>Our aim? To offer a selection of iconic, ultra-desirable second-hand jewellery at the right price.<\/p><p>To respect the product and the expertise of the major jewellery brands in the presentation and renovation of their jewellery. And to make the most iconic luxury jewels more accessible.<\/p><p><em>By sourcing jewellery from trusted individuals, we offer a unique and exclusive range of iconic, timeless pieces that you can buy with your eyes closed. <\/em><\/p><p>By the very nature of jewellery, which is durable and repairable, our business is sustainable and circular: there's no need to buy new to have impeccable jewellery.<\/p><p>Our aim is to sell your jewellery with a 5-star service and a reasonable commission. We secure the process and guarantee the authenticity of the jewellery to ensure a smooth transaction between the seller and the private buyer.<\/p>\t\t\t\t\t\t\t\t<\/div>\n\t\t\t\t\t<\/div>\n\t\t<\/div>\n\t\t\t\t\t<\/div>\n\t\t<\/section>\n\t\t\t\t<\/div>","protected":false},"excerpt":{"rendered":"<p>\u00c0 propos Apr\u00e8s 17 ans au sein de grandes marques de luxe comme Louis Vuitton et Gucci, et une aventure entrepreneuriale de 10 ans dans le domaine de l&rsquo;\u00e9ducation num\u00e9rique*, Ga\u00ebl de Dorlodot s\u2019installe \u00e0 Tokyo avec sa famille o\u00f9 elle d\u00e9couvre une autre facette de l&rsquo;\u00e9conomie circulaire. \u00ab La capacit\u00e9 des Japonais \u00e0 recr\u00e9er &hellip;<\/p>","protected":false},"author":2,"featured_media":0,"parent":0,"menu_order":0,"comment_status":"closed","ping_status":"closed","template":"","meta":{"_acf_changed":false,"_angie_page":false,"_joinchat":[],"footnotes":""},"class_list":["post-2264","page","type-page","status-publish","hentry"],"acf":[],"_links":{"self":[{"href":"https:\/\/weprecious.com\/en\/wp-json\/wp\/v2\/pages\/2264","targetHints":{"allow":["GET"]}}],"collection":[{"href":"https:\/\/weprecious.com\/en\/wp-json\/wp\/v2\/pages"}],"about":[{"href":"https:\/\/weprecious.com\/en\/wp-json\/wp\/v2\/types\/page"}],"author":[{"embeddable":true,"href":"https:\/\/weprecious.com\/en\/wp-json\/wp\/v2\/users\/2"}],"replies":[{"embeddable":true,"href":"https:\/\/weprecious.com\/en\/wp-json\/wp\/v2\/comments?post=2264"}],"version-history":[{"count":0,"href":"https:\/\/weprecious.com\/en\/wp-json\/wp\/v2\/pages\/2264\/revisions"}],"wp:attachment":[{"href":"https:\/\/weprecious.com\/en\/wp-json\/wp\/v2\/media?parent=2264"}],"curies":[{"name":"wp","href":"https:\/\/api.w.org\/{rel}","templated":true}]}}