{"id":1751,"date":"2022-12-19T17:17:36","date_gmt":"2022-12-19T16:17:36","guid":{"rendered":"https:\/\/dev.veryprecieuse.com\/?page_id=1751"},"modified":"2025-06-18T13:52:42","modified_gmt":"2025-06-18T11:52:42","slug":"buying-guide","status":"publish","type":"page","link":"https:\/\/weprecious.com\/en\/guide-achat\/","title":{"rendered":"Buying and sizing guide"},"content":{"rendered":"<div data-elementor-type=\"wp-page\" data-elementor-id=\"1751\" class=\"elementor elementor-1751\" data-elementor-post-type=\"page\">\n\t\t\t\t\t\t<section class=\"elementor-section elementor-top-section elementor-element elementor-element-8a5fe73 elementor-section-height-min-height elementor-section-boxed elementor-section-height-default elementor-section-items-middle\" data-id=\"8a5fe73\" data-element_type=\"section\" data-e-type=\"section\" data-settings=\"{&quot;background_background&quot;:&quot;classic&quot;}\">\n\t\t\t\t\t\t<div class=\"elementor-container elementor-column-gap-default\">\n\t\t\t\t\t<div class=\"elementor-column elementor-col-100 elementor-top-column elementor-element elementor-element-ebef8af\" data-id=\"ebef8af\" data-element_type=\"column\" data-e-type=\"column\">\n\t\t\t<div class=\"elementor-widget-wrap elementor-element-populated\">\n\t\t\t\t\t\t<div class=\"elementor-element elementor-element-5970ce7 elementor-widget elementor-widget-heading\" data-id=\"5970ce7\" data-element_type=\"widget\" data-e-type=\"widget\" data-widget_type=\"heading.default\">\n\t\t\t\t\t<h1 class=\"elementor-heading-title elementor-size-default\">Sizing and buying guide<\/h1>\t\t\t\t<\/div>\n\t\t\t\t\t<\/div>\n\t\t<\/div>\n\t\t\t\t\t<\/div>\n\t\t<\/section>\n\t\t\t\t<section class=\"elementor-section elementor-top-section elementor-element elementor-element-6d62e9e elementor-section-boxed elementor-section-height-default elementor-section-height-default\" data-id=\"6d62e9e\" data-element_type=\"section\" data-e-type=\"section\">\n\t\t\t\t\t\t<div class=\"elementor-container elementor-column-gap-default\">\n\t\t\t\t\t<div class=\"elementor-column elementor-col-100 elementor-top-column elementor-element elementor-element-b2aed05\" data-id=\"b2aed05\" data-element_type=\"column\" data-e-type=\"column\">\n\t\t\t<div class=\"elementor-widget-wrap elementor-element-populated\">\n\t\t\t\t\t\t<section class=\"elementor-section elementor-inner-section elementor-element elementor-element-1b29b22 elementor-section-boxed elementor-section-height-default elementor-section-height-default\" data-id=\"1b29b22\" data-element_type=\"section\" data-e-type=\"section\">\n\t\t\t\t\t\t<div class=\"elementor-container elementor-column-gap-default\">\n\t\t\t\t\t<div class=\"elementor-column elementor-col-100 elementor-inner-column elementor-element elementor-element-db509ef\" data-id=\"db509ef\" data-element_type=\"column\" data-e-type=\"column\">\n\t\t\t<div class=\"elementor-widget-wrap elementor-element-populated\">\n\t\t\t\t\t\t<div class=\"elementor-element elementor-element-309e488 elementor-widget elementor-widget-woocommerce-breadcrumb\" data-id=\"309e488\" data-element_type=\"widget\" data-e-type=\"widget\" data-widget_type=\"woocommerce-breadcrumb.default\">\n\t\t\t\t\t<nav class=\"woocommerce-breadcrumb\" aria-label=\"Breadcrumb\" data-no-translation=\"\" data-trp-gettext=\"\">Accueil<\/nav>\t\t\t\t<\/div>\n\t\t\t\t<div class=\"elementor-element elementor-element-f3304a3 elementor-widget elementor-widget-heading\" data-id=\"f3304a3\" data-element_type=\"widget\" data-e-type=\"widget\" data-widget_type=\"heading.default\">\n\t\t\t\t\t<h2 class=\"elementor-heading-title elementor-size-default\">Buying well<\/h2>\t\t\t\t<\/div>\n\t\t\t\t<div class=\"elementor-element elementor-element-b08ae62 elementor-widget elementor-widget-text-editor\" data-id=\"b08ae62\" data-element_type=\"widget\" data-e-type=\"widget\" data-widget_type=\"text-editor.default\">\n\t\t\t\t\t\t\t\t\t<p><b>Quality<\/b><\/p><p>All our second-hand jewellery is <strong>selected<\/strong>, <strong>pre-expertised<\/strong>, <strong>photographed<\/strong>Our jewellery is described in detail before being put online. We only sell top brand precious metal jewellery in excellent condition. They are cleaned and pampered so that you receive a piece of jewellery as good as new.<\/p><p>Some jewels may have a patina, the sign of a jewel with a history. We give you as much information as possible about its condition using a pre-defined scale. All our sellers are co-opted and verified: this is our circle of trust. We take every precaution to check the origin of the jewellery beforehand.<\/p><p>Before being sent to you, each piece of jewellery undergoes a thorough <strong>in-depth expertise<\/strong> by our expertise partner, who will issue a certificate. Our partner is a member of the <a href=\"https:\/\/www.cne-experts.com\/\" target=\"_blank\" rel=\"noopener\">National Company of Experts<\/a>.<\/p><p><b>Check the condition of the jewellery<\/b><\/p><p><span style=\"font-weight: 400;\">To help you find your way around when buying second-hand jewellery, we have established 6 categories corresponding to the condition of the product. Remember that jewellery is an intimate object that is passed on, cherished and associated with moments in life. Its small imperfections are also the trace of a unique history and emotional value.<\/span><\/p>\t\t\t\t\t\t\t\t<\/div>\n\t\t\t\t\t<\/div>\n\t\t<\/div>\n\t\t\t\t\t<\/div>\n\t\t<\/section>\n\t\t\t\t<div class=\"elementor-element elementor-element-93360b2 elementor-widget elementor-widget-spacer\" data-id=\"93360b2\" data-element_type=\"widget\" data-e-type=\"widget\" data-widget_type=\"spacer.default\">\n\t\t\t\t\t\t\t<div class=\"elementor-spacer\">\n\t\t\t<div class=\"elementor-spacer-inner\"><\/div>\n\t\t<\/div>\n\t\t\t\t\t\t<\/div>\n\t\t\t\t<div class=\"elementor-element elementor-element-23f3312 elementor-widget-divider--view-line elementor-widget elementor-widget-divider\" data-id=\"23f3312\" data-element_type=\"widget\" data-e-type=\"widget\" data-widget_type=\"divider.default\">\n\t\t\t\t\t\t\t<div class=\"elementor-divider\">\n\t\t\t<span class=\"elementor-divider-separator\">\n\t\t\t\t\t\t<\/span>\n\t\t<\/div>\n\t\t\t\t\t\t<\/div>\n\t\t\t\t<section class=\"elementor-section elementor-inner-section elementor-element elementor-element-10c355d elementor-section-boxed elementor-section-height-default elementor-section-height-default\" data-id=\"10c355d\" data-element_type=\"section\" data-e-type=\"section\">\n\t\t\t\t\t\t<div class=\"elementor-container elementor-column-gap-default\">\n\t\t\t\t\t<div class=\"elementor-column elementor-col-50 elementor-inner-column elementor-element elementor-element-05a4c80\" data-id=\"05a4c80\" data-element_type=\"column\" data-e-type=\"column\">\n\t\t\t<div class=\"elementor-widget-wrap elementor-element-populated\">\n\t\t\t\t\t\t<div class=\"elementor-element elementor-element-1e759a1 elementor-widget elementor-widget-heading\" data-id=\"1e759a1\" data-element_type=\"widget\" data-e-type=\"widget\" data-widget_type=\"heading.default\">\n\t\t\t\t\t<h2 class=\"elementor-heading-title elementor-size-default\">Jewellery condition: our categories<\/h2>\t\t\t\t<\/div>\n\t\t\t\t<div class=\"elementor-element elementor-element-1594d18 elementor-widget elementor-widget-text-editor\" data-id=\"1594d18\" data-element_type=\"widget\" data-e-type=\"widget\" data-widget_type=\"text-editor.default\">\n\t\t\t\t\t\t\t\t\t<p><b><span data-sheets-root=\"1\">Never worn: mint condition<\/span>\u00a0:<\/b><span style=\"font-weight: 400;\"> practically new, never worn since purchase.<\/span><\/p><p><b><span data-sheets-root=\"1\">Like new: Near-new condition<\/span>\u00a0:<\/b><span style=\"font-weight: 400;\"> jewel worn a few times.<\/span><\/p><p><b><span data-sheets-root=\"1\">Category A Renovated: Excellent condition <\/span>: <\/b><span style=\"font-weight: 400;\">second-hand jewellery that has been polished or treated to restore its original appearance. A few scratches or marks may remain, usually barely visible to the naked eye. Our workshop is careful to bring out the best in your jewellery while preserving its patina.<\/span><\/p><p><b><span data-sheets-root=\"1\">Category A: Excellent condition<\/span>\u00a0: <\/b><span style=\"font-weight: 400;\">Second hand jewel in excellent condition. Few visible scratches or signs of use. Slight patina.<\/span><\/p><p><b><span data-sheets-root=\"1\">Category AB: Very Good Condition <\/span>: <\/b><span style=\"font-weight: 400;\">Second hand jewel in very good condition. <span data-sheets-root=\"1\">The jewel has a patina, but no particular markings. <\/span>A few scratches or traces of use may be visible, but generally on inconspicuous parts of the jewel, giving it a patina.<\/span><\/p><p><b><span data-sheets-root=\"1\">Category B: Good condition<\/span>\u00a0:\u00a0 <\/b><span style=\"font-weight: 400;\">Second hand jewel in good condition. <span data-sheets-root=\"1\">The jewel may have a particular mark, <\/span>micro-scratches, but the jewel remains very aesthetic when worn. This is generally jewellery that cannot be refurbished because of its design, and where the signs of wear instead give the jewellery a patina, proof of its unique history.<\/span><\/p><p><b><span data-sheets-root=\"1\">Category C: Average condition<\/span>\u00a0: <\/b><span style=\"font-weight: 400;\">second-hand jewellery in average condition where the scratches are visible, or the shine has been reduced by frequent use. You probably won't find any category C jewellery on our site, as we send it directly for refurbishment.<\/span><\/p>\t\t\t\t\t\t\t\t<\/div>\n\t\t\t\t\t<\/div>\n\t\t<\/div>\n\t\t\t\t<div class=\"elementor-column elementor-col-50 elementor-inner-column elementor-element elementor-element-8039c6d\" data-id=\"8039c6d\" data-element_type=\"column\" data-e-type=\"column\">\n\t\t\t<div class=\"elementor-widget-wrap elementor-element-populated\">\n\t\t\t\t\t\t<div class=\"elementor-element elementor-element-956827a elementor-widget elementor-widget-image\" data-id=\"956827a\" data-element_type=\"widget\" data-e-type=\"widget\" data-widget_type=\"image.default\">\n\t\t\t\t\t\t\t\t\t\t\t\t\t\t\t<img loading=\"lazy\" decoding=\"async\" width=\"768\" height=\"768\" src=\"https:\/\/weprecious.com\/wp-content\/uploads\/2025\/05\/wp-reflaunt-.zip-33-768x768.png\" class=\"attachment-medium_large size-medium_large wp-image-17298\" alt=\"Pre-owned Tiffany Forever Tiffany &amp; Co wedding ring : Authentic jewel\" srcset=\"https:\/\/weprecious.com\/wp-content\/uploads\/2025\/05\/wp-reflaunt-.zip-33-768x768.png 768w, https:\/\/weprecious.com\/wp-content\/uploads\/2025\/05\/wp-reflaunt-.zip-33-300x300.png 300w, https:\/\/weprecious.com\/wp-content\/uploads\/2025\/05\/wp-reflaunt-.zip-33-150x150.png 150w, https:\/\/weprecious.com\/wp-content\/uploads\/2025\/05\/wp-reflaunt-.zip-33-350x350.png 350w, https:\/\/weprecious.com\/wp-content\/uploads\/2025\/05\/wp-reflaunt-.zip-33-680x680.png 680w, https:\/\/weprecious.com\/wp-content\/uploads\/2025\/05\/wp-reflaunt-.zip-33-100x100.png 100w, https:\/\/weprecious.com\/wp-content\/uploads\/2025\/05\/wp-reflaunt-.zip-33.png 800w\" sizes=\"auto, (max-width: 768px) 100vw, 768px\" \/>\t\t\t\t\t\t\t\t\t\t\t\t\t\t\t<\/div>\n\t\t\t\t\t<\/div>\n\t\t<\/div>\n\t\t\t\t\t<\/div>\n\t\t<\/section>\n\t\t\t\t<div class=\"elementor-element elementor-element-635c1c2 elementor-widget-divider--view-line elementor-widget elementor-widget-divider\" data-id=\"635c1c2\" data-element_type=\"widget\" data-e-type=\"widget\" data-widget_type=\"divider.default\">\n\t\t\t\t\t\t\t<div class=\"elementor-divider\">\n\t\t\t<span class=\"elementor-divider-separator\">\n\t\t\t\t\t\t<\/span>\n\t\t<\/div>\n\t\t\t\t\t\t<\/div>\n\t\t\t\t<div class=\"elementor-element elementor-element-a0b774c elementor-widget elementor-widget-spacer\" data-id=\"a0b774c\" data-element_type=\"widget\" data-e-type=\"widget\" data-widget_type=\"spacer.default\">\n\t\t\t\t\t\t\t<div class=\"elementor-spacer\">\n\t\t\t<div class=\"elementor-spacer-inner\"><\/div>\n\t\t<\/div>\n\t\t\t\t\t\t<\/div>\n\t\t\t\t<div class=\"elementor-element elementor-element-31b9f63 elementor-widget elementor-widget-heading\" data-id=\"31b9f63\" data-element_type=\"widget\" data-e-type=\"widget\" data-widget_type=\"heading.default\">\n\t\t\t\t\t<h2 class=\"elementor-heading-title elementor-size-default\">Sizing guide<\/h2>\t\t\t\t<\/div>\n\t\t\t\t<div class=\"elementor-element elementor-element-41140f0 elementor-widget elementor-widget-text-editor\" data-id=\"41140f0\" data-element_type=\"widget\" data-e-type=\"widget\" data-widget_type=\"text-editor.default\">\n\t\t\t\t\t\t\t\t\t<p>We recommend that you <strong>check size<\/strong> of the jewel and your size before you buy, as well as information about the jewel's metals and stones, and the pattern sizes, compared with your hands, ears, wrists, etc. Don't know your size? Don't panic, it's very easy to measure your size, based on your current jewellery, or simply by measuring the circumference of your finger or wrist. Just follow the guides below.\u00a0<\/p>\t\t\t\t\t\t\t\t<\/div>\n\t\t\t\t\t<\/div>\n\t\t<\/div>\n\t\t\t\t\t<\/div>\n\t\t<\/section>\n\t\t\t\t<section class=\"elementor-section elementor-top-section elementor-element elementor-element-a9e4450 elementor-section-boxed elementor-section-height-default elementor-section-height-default\" data-id=\"a9e4450\" data-element_type=\"section\" data-e-type=\"section\">\n\t\t\t\t\t\t<div class=\"elementor-container elementor-column-gap-default\">\n\t\t\t\t\t<div class=\"elementor-column elementor-col-33 elementor-top-column elementor-element elementor-element-01084ad\" data-id=\"01084ad\" data-element_type=\"column\" data-e-type=\"column\">\n\t\t\t<div class=\"elementor-widget-wrap elementor-element-populated\">\n\t\t\t\t\t\t<div class=\"elementor-element elementor-element-ce22ce3 elementor-widget elementor-widget-theme-post-featured-image elementor-widget-image\" data-id=\"ce22ce3\" data-element_type=\"widget\" data-e-type=\"widget\" data-widget_type=\"theme-post-featured-image.default\">\n\t\t\t\t\t\t\t\t\t\t\t\t<figure class=\"wp-caption\">\n\t\t\t\t\t\t\t\t\t\t\t<a href=\"https:\/\/weprecious.com\/en\/know-your-ring-size\/\">\n\t\t\t\t\t\t\t<img loading=\"lazy\" decoding=\"async\" width=\"800\" height=\"800\" src=\"https:\/\/weprecious.com\/wp-content\/uploads\/2024\/03\/messika-joy-bague-or-blanc-diamants-carre.png\" class=\"attachment-large size-large wp-image-6423\" alt=\"Joy Messika ring - gem size\" srcset=\"https:\/\/weprecious.com\/wp-content\/uploads\/2024\/03\/messika-joy-bague-or-blanc-diamants-carre.png 800w, https:\/\/weprecious.com\/wp-content\/uploads\/2024\/03\/messika-joy-bague-or-blanc-diamants-carre-300x300.png 300w, https:\/\/weprecious.com\/wp-content\/uploads\/2024\/03\/messika-joy-bague-or-blanc-diamants-carre-150x150.png 150w, https:\/\/weprecious.com\/wp-content\/uploads\/2024\/03\/messika-joy-bague-or-blanc-diamants-carre-768x768.png 768w, https:\/\/weprecious.com\/wp-content\/uploads\/2024\/03\/messika-joy-bague-or-blanc-diamants-carre-350x350.png 350w, https:\/\/weprecious.com\/wp-content\/uploads\/2024\/03\/messika-joy-bague-or-blanc-diamants-carre-680x680.png 680w, https:\/\/weprecious.com\/wp-content\/uploads\/2024\/03\/messika-joy-bague-or-blanc-diamants-carre-100x100.png 100w\" sizes=\"auto, (max-width: 800px) 100vw, 800px\" \/>\t\t\t\t\t\t\t\t<\/a>\n\t\t\t\t\t\t\t\t\t\t\t<figcaption class=\"widget-image-caption wp-caption-text\">Know your ring size<\/figcaption>\n\t\t\t\t\t\t\t\t\t\t<\/figure>\n\t\t\t\t\t\t\t\t\t<\/div>\n\t\t\t\t\t<\/div>\n\t\t<\/div>\n\t\t\t\t<div class=\"elementor-column elementor-col-33 elementor-top-column elementor-element elementor-element-d49468e\" data-id=\"d49468e\" data-element_type=\"column\" data-e-type=\"column\">\n\t\t\t<div class=\"elementor-widget-wrap elementor-element-populated\">\n\t\t\t\t\t\t<div class=\"elementor-element elementor-element-5b25910 elementor-widget elementor-widget-theme-post-featured-image elementor-widget-image\" data-id=\"5b25910\" data-element_type=\"widget\" data-e-type=\"widget\" data-widget_type=\"theme-post-featured-image.default\">\n\t\t\t\t\t\t\t\t\t\t\t\t<figure class=\"wp-caption\">\n\t\t\t\t\t\t\t\t\t\t\t<a href=\"https:\/\/weprecious.com\/en\/bracelet-size\/\">\n\t\t\t\t\t\t\t<img loading=\"lazy\" decoding=\"async\" width=\"1024\" height=\"1024\" src=\"https:\/\/weprecious.com\/wp-content\/uploads\/2024\/04\/Bracelet-trinity-Cartier-1024x1024.png\" class=\"attachment-large size-large wp-image-6658\" alt=\"Pre-owned Cartier Jewellery - Cartier Bracelet\" srcset=\"https:\/\/weprecious.com\/wp-content\/uploads\/2024\/04\/Bracelet-trinity-Cartier-1024x1024.png 1024w, https:\/\/weprecious.com\/wp-content\/uploads\/2024\/04\/Bracelet-trinity-Cartier-300x300.png 300w, https:\/\/weprecious.com\/wp-content\/uploads\/2024\/04\/Bracelet-trinity-Cartier-150x150.png 150w, https:\/\/weprecious.com\/wp-content\/uploads\/2024\/04\/Bracelet-trinity-Cartier-768x768.png 768w, https:\/\/weprecious.com\/wp-content\/uploads\/2024\/04\/Bracelet-trinity-Cartier-350x350.png 350w, https:\/\/weprecious.com\/wp-content\/uploads\/2024\/04\/Bracelet-trinity-Cartier-680x680.png 680w, https:\/\/weprecious.com\/wp-content\/uploads\/2024\/04\/Bracelet-trinity-Cartier-100x100.png 100w, https:\/\/weprecious.com\/wp-content\/uploads\/2024\/04\/Bracelet-trinity-Cartier.png 1200w\" sizes=\"auto, (max-width: 1024px) 100vw, 1024px\" \/>\t\t\t\t\t\t\t\t<\/a>\n\t\t\t\t\t\t\t\t\t\t\t<figcaption class=\"widget-image-caption wp-caption-text\">Know your bracelet size<\/figcaption>\n\t\t\t\t\t\t\t\t\t\t<\/figure>\n\t\t\t\t\t\t\t\t\t<\/div>\n\t\t\t\t\t<\/div>\n\t\t<\/div>\n\t\t\t\t<div class=\"elementor-column elementor-col-33 elementor-top-column elementor-element elementor-element-689504a\" data-id=\"689504a\" data-element_type=\"column\" data-e-type=\"column\">\n\t\t\t<div class=\"elementor-widget-wrap elementor-element-populated\">\n\t\t\t\t\t\t<div class=\"elementor-element elementor-element-f9b5902 elementor-widget elementor-widget-theme-post-featured-image elementor-widget-image\" data-id=\"f9b5902\" data-element_type=\"widget\" data-e-type=\"widget\" data-widget_type=\"theme-post-featured-image.default\">\n\t\t\t\t\t\t\t\t\t\t\t\t<figure class=\"wp-caption\">\n\t\t\t\t\t\t\t\t\t\t\t<a href=\"https:\/\/weprecious.com\/en\/know-your-collar-size\/\">\n\t\t\t\t\t\t\t<img loading=\"lazy\" decoding=\"async\" width=\"800\" height=\"800\" src=\"https:\/\/weprecious.com\/wp-content\/uploads\/2024\/03\/dinh-van-maillon-chaine-collier-or-jaune-1970-amb2.jpg\" class=\"attachment-large size-large wp-image-6280\" alt=\"Authentic second-hand Dinh Van link necklace\" srcset=\"https:\/\/weprecious.com\/wp-content\/uploads\/2024\/03\/dinh-van-maillon-chaine-collier-or-jaune-1970-amb2.jpg 800w, https:\/\/weprecious.com\/wp-content\/uploads\/2024\/03\/dinh-van-maillon-chaine-collier-or-jaune-1970-amb2-300x300.jpg 300w, https:\/\/weprecious.com\/wp-content\/uploads\/2024\/03\/dinh-van-maillon-chaine-collier-or-jaune-1970-amb2-150x150.jpg 150w, https:\/\/weprecious.com\/wp-content\/uploads\/2024\/03\/dinh-van-maillon-chaine-collier-or-jaune-1970-amb2-768x768.jpg 768w, https:\/\/weprecious.com\/wp-content\/uploads\/2024\/03\/dinh-van-maillon-chaine-collier-or-jaune-1970-amb2-350x350.jpg 350w, https:\/\/weprecious.com\/wp-content\/uploads\/2024\/03\/dinh-van-maillon-chaine-collier-or-jaune-1970-amb2-680x680.jpg 680w, https:\/\/weprecious.com\/wp-content\/uploads\/2024\/03\/dinh-van-maillon-chaine-collier-or-jaune-1970-amb2-100x100.jpg 100w\" sizes=\"auto, (max-width: 800px) 100vw, 800px\" \/>\t\t\t\t\t\t\t\t<\/a>\n\t\t\t\t\t\t\t\t\t\t\t<figcaption class=\"widget-image-caption wp-caption-text\">Know your collar size<\/figcaption>\n\t\t\t\t\t\t\t\t\t\t<\/figure>\n\t\t\t\t\t\t\t\t\t<\/div>\n\t\t\t\t\t<\/div>\n\t\t<\/div>\n\t\t\t\t\t<\/div>\n\t\t<\/section>\n\t\t\t\t<section class=\"elementor-section elementor-top-section elementor-element elementor-element-f708cc6 elementor-section-boxed elementor-section-height-default elementor-section-height-default\" data-id=\"f708cc6\" data-element_type=\"section\" data-e-type=\"section\">\n\t\t\t\t\t\t<div class=\"elementor-container elementor-column-gap-default\">\n\t\t\t\t\t<div class=\"elementor-column elementor-col-100 elementor-top-column elementor-element elementor-element-b003d96\" data-id=\"b003d96\" data-element_type=\"column\" data-e-type=\"column\">\n\t\t\t<div class=\"elementor-widget-wrap elementor-element-populated\">\n\t\t\t\t\t\t<div class=\"elementor-element elementor-element-e70a34e elementor-widget elementor-widget-text-editor\" data-id=\"e70a34e\" data-element_type=\"widget\" data-e-type=\"widget\" data-widget_type=\"text-editor.default\">\n\t\t\t\t\t\t\t\t\t<p>You want to <strong>try before you buy<\/strong> ? This service is available in Paris. We can also help you measure your size and send you photos of the jewellery you are wearing. We look forward to hearing from you!<\/p>\t\t\t\t\t\t\t\t<\/div>\n\t\t\t\t\t<\/div>\n\t\t<\/div>\n\t\t\t\t\t<\/div>\n\t\t<\/section>\n\t\t\t\t<section class=\"elementor-section elementor-top-section elementor-element elementor-element-f3d6860 elementor-section-boxed elementor-section-height-default elementor-section-height-default\" data-id=\"f3d6860\" data-element_type=\"section\" data-e-type=\"section\">\n\t\t\t\t\t\t<div class=\"elementor-container elementor-column-gap-default\">\n\t\t\t\t\t<div class=\"elementor-column elementor-col-100 elementor-top-column elementor-element elementor-element-a53634f\" data-id=\"a53634f\" data-element_type=\"column\" data-e-type=\"column\">\n\t\t\t<div class=\"elementor-widget-wrap elementor-element-populated\">\n\t\t\t\t\t\t<div class=\"elementor-element elementor-element-7168823 elementor-widget-divider--view-line elementor-widget elementor-widget-divider\" data-id=\"7168823\" data-element_type=\"widget\" data-e-type=\"widget\" data-widget_type=\"divider.default\">\n\t\t\t\t\t\t\t<div class=\"elementor-divider\">\n\t\t\t<span class=\"elementor-divider-separator\">\n\t\t\t\t\t\t<\/span>\n\t\t<\/div>\n\t\t\t\t\t\t<\/div>\n\t\t\t\t<section class=\"elementor-section elementor-inner-section elementor-element elementor-element-37550b3 elementor-section-boxed elementor-section-height-default elementor-section-height-default\" data-id=\"37550b3\" data-element_type=\"section\" data-e-type=\"section\">\n\t\t\t\t\t\t<div class=\"elementor-container elementor-column-gap-default\">\n\t\t\t\t\t<div class=\"elementor-column elementor-col-50 elementor-inner-column elementor-element elementor-element-1873de7\" data-id=\"1873de7\" data-element_type=\"column\" data-e-type=\"column\">\n\t\t\t<div class=\"elementor-widget-wrap elementor-element-populated\">\n\t\t\t\t\t\t<div class=\"elementor-element elementor-element-afc7494 elementor-widget elementor-widget-heading\" data-id=\"afc7494\" data-element_type=\"widget\" data-e-type=\"widget\" data-widget_type=\"heading.default\">\n\t\t\t\t\t<h2 class=\"elementor-heading-title elementor-size-default\">Your wishes <\/h2>\t\t\t\t<\/div>\n\t\t\t\t<div class=\"elementor-element elementor-element-bdb0057 elementor-widget elementor-widget-text-editor\" data-id=\"bdb0057\" data-element_type=\"widget\" data-e-type=\"widget\" data-widget_type=\"text-editor.default\">\n\t\t\t\t\t\t\t\t\t<p>Looking for a specific piece of jewellery? Contact us and we'll let you know when it's added to our catalogue. Do you absolutely need it? We can find it for you. Treasure hunting is our thing.<\/p>\t\t\t\t\t\t\t\t<\/div>\n\t\t\t\t\t<\/div>\n\t\t<\/div>\n\t\t\t\t<div class=\"elementor-column elementor-col-50 elementor-inner-column elementor-element elementor-element-1a8b1d5\" data-id=\"1a8b1d5\" data-element_type=\"column\" data-e-type=\"column\">\n\t\t\t<div class=\"elementor-widget-wrap elementor-element-populated\">\n\t\t\t\t\t\t<div class=\"elementor-element elementor-element-113d380 elementor-cta--skin-cover elementor-animated-content elementor-bg-transform elementor-bg-transform-zoom-in elementor-widget elementor-widget-call-to-action\" data-id=\"113d380\" data-element_type=\"widget\" data-e-type=\"widget\" data-widget_type=\"call-to-action.default\">\n\t\t\t\t\t\t\t<div class=\"elementor-cta\">\n\t\t\t\t\t<div class=\"elementor-cta__bg-wrapper\">\n\t\t\t\t<div class=\"elementor-cta__bg elementor-bg\" style=\"background-image: url(https:\/\/weprecious.com\/wp-content\/uploads\/2025\/03\/MainCA-_FVert_h.jpg);\" role=\"img\" aria-label=\"weprecious - second-hand luxury jewellery\"><\/div>\n\t\t\t\t<div class=\"elementor-cta__bg-overlay\"><\/div>\n\t\t\t<\/div>\n\t\t\t\t\t\t\t<div class=\"elementor-cta__content\">\n\t\t\t\t\n\t\t\t\t\t\t\t\t\t<h2 class=\"elementor-cta__title elementor-cta__content-item elementor-content-item elementor-animated-item--grow\">\n\t\t\t\t\t\tJoin the circle\t\t\t\t\t<\/h2>\n\t\t\t\t\n\t\t\t\t\t\t\t\t\t<div class=\"elementor-cta__description elementor-cta__content-item elementor-content-item elementor-animated-item--grow\">\n\t\t\t\t\t\tContact us with your questions\t\t\t\t\t<\/div>\n\t\t\t\t\n\t\t\t\t\t\t\t\t\t<div class=\"elementor-cta__button-wrapper elementor-cta__content-item elementor-content-item elementor-animated-item--grow\">\n\t\t\t\t\t<a class=\"elementor-cta__button elementor-button elementor-size-\" href=\"https:\/\/weprecious.com\/en\/contact\/\">\n\t\t\t\t\t\tClick here\t\t\t\t\t<\/a>\n\t\t\t\t\t<\/div>\n\t\t\t\t\t\t\t<\/div>\n\t\t\t\t\t\t<\/div>\n\t\t\t\t\t\t<\/div>\n\t\t\t\t\t<\/div>\n\t\t<\/div>\n\t\t\t\t\t<\/div>\n\t\t<\/section>\n\t\t\t\t\t<\/div>\n\t\t<\/div>\n\t\t\t\t\t<\/div>\n\t\t<\/section>\n\t\t\t\t<\/div>","protected":false},"excerpt":{"rendered":"<p>Guide des tailles et d&rsquo;achat Bien acheter Qualit\u00e9 Tous nos bijoux de seconde main sont s\u00e9lectionn\u00e9s, pr\u00e9-expertis\u00e9s, photographi\u00e9s, d\u00e9crits dans le d\u00e9tail avant d&rsquo;\u00eatre mis en ligne. Nous ne vendons que des bijoux de grande marque en m\u00e9taux pr\u00e9cieux, et en excellent \u00e9tat. Ils sont nettoy\u00e9s, chouchout\u00e9s pour que vous receviez un bijou comme neuf. &hellip;<\/p>","protected":false},"author":7,"featured_media":0,"parent":0,"menu_order":0,"comment_status":"closed","ping_status":"closed","template":"","meta":{"_acf_changed":false,"_angie_page":false,"_joinchat":[],"footnotes":""},"class_list":["post-1751","page","type-page","status-publish","hentry"],"acf":[],"_links":{"self":[{"href":"https:\/\/weprecious.com\/en\/wp-json\/wp\/v2\/pages\/1751","targetHints":{"allow":["GET"]}}],"collection":[{"href":"https:\/\/weprecious.com\/en\/wp-json\/wp\/v2\/pages"}],"about":[{"href":"https:\/\/weprecious.com\/en\/wp-json\/wp\/v2\/types\/page"}],"author":[{"embeddable":true,"href":"https:\/\/weprecious.com\/en\/wp-json\/wp\/v2\/users\/7"}],"replies":[{"embeddable":true,"href":"https:\/\/weprecious.com\/en\/wp-json\/wp\/v2\/comments?post=1751"}],"version-history":[{"count":0,"href":"https:\/\/weprecious.com\/en\/wp-json\/wp\/v2\/pages\/1751\/revisions"}],"wp:attachment":[{"href":"https:\/\/weprecious.com\/en\/wp-json\/wp\/v2\/media?parent=1751"}],"curies":[{"name":"wp","href":"https:\/\/api.w.org\/{rel}","templated":true}]}}