{"id":1687,"date":"2022-12-19T15:54:41","date_gmt":"2022-12-19T14:54:41","guid":{"rendered":"https:\/\/dev.veryprecieuse.com\/?page_id=1687"},"modified":"2025-04-15T23:31:42","modified_gmt":"2025-04-15T21:31:42","slug":"vendor-services","status":"publish","type":"page","link":"https:\/\/weprecious.com\/en\/services-vendeur\/","title":{"rendered":"Vendor Services"},"content":{"rendered":"<div data-elementor-type=\"wp-page\" data-elementor-id=\"1687\" class=\"elementor elementor-1687\" data-elementor-post-type=\"page\">\n\t\t\t\t\t\t<section class=\"elementor-section elementor-top-section elementor-element elementor-element-29e13f1c elementor-section-boxed elementor-section-height-default elementor-section-height-default\" data-id=\"29e13f1c\" data-element_type=\"section\" data-e-type=\"section\">\n\t\t\t\t\t\t<div class=\"elementor-container elementor-column-gap-default\">\n\t\t\t\t\t<div class=\"elementor-column elementor-col-100 elementor-top-column elementor-element elementor-element-7c8ec668\" data-id=\"7c8ec668\" data-element_type=\"column\" data-e-type=\"column\">\n\t\t\t<div class=\"elementor-widget-wrap elementor-element-populated\">\n\t\t\t\t\t\t<div class=\"elementor-element elementor-element-4e383b2 elementor-widget elementor-widget-woocommerce-breadcrumb\" data-id=\"4e383b2\" data-element_type=\"widget\" data-e-type=\"widget\" data-widget_type=\"woocommerce-breadcrumb.default\">\n\t\t\t\t\t<nav class=\"woocommerce-breadcrumb\" aria-label=\"Breadcrumb\" data-no-translation=\"\" data-trp-gettext=\"\">Accueil<\/nav>\t\t\t\t<\/div>\n\t\t\t\t<div class=\"elementor-element elementor-element-facd5d5 elementor-widget elementor-widget-heading\" data-id=\"facd5d5\" data-element_type=\"widget\" data-e-type=\"widget\" data-widget_type=\"heading.default\">\n\t\t\t\t\t<h1 class=\"elementor-heading-title elementor-size-default\">Vendor services<\/h1>\t\t\t\t<\/div>\n\t\t\t\t<div class=\"elementor-element elementor-element-9eba721 elementor-widget elementor-widget-text-editor\" data-id=\"9eba721\" data-element_type=\"widget\" data-e-type=\"widget\" data-widget_type=\"text-editor.default\">\n\t\t\t\t\t\t\t\t\t<p><strong>On line<\/strong><\/p><p>We ask you for information about your jewel and we take care of writing a detailed description, with all the characteristics of your jewel, that buyers will need to make a decision.<br \/>We take professional photos to highlight your room. In the case of direct deposit, we use your photos but adjust the lighting and framing so that the photo is attractive.<\/p><p><br \/><strong>Negotiations<\/strong><\/p><p>We talk to potential buyers, collect their quotes and negotiate the best price for your jewellery. Our aim? To help you reach an agreement and speed up the sale of your jewellery.<\/p><p><strong>Renovation &amp; Upholstery<\/strong><\/p><p>In some cases, we offer to renovate your jewellery before the photo shoot in order to increase its sale price. It is only after the sale that the costs will be invoiced to you and deducted from the sale price (subject to your commitment to entrust the product to us until it is sold). <br \/>The price of the renovation varies according to the nature of the work to be carried out, and will be submitted to you for approval.<br \/>In all cases, the jewellery (and its original packaging if applicable) will be meticulously cleaned and packaged before dispatch.<\/p><p><strong>Packaging<\/strong><\/p><p>Whenever possible, we reuse the jewel's original boxes, and when this is not possible, we offer an eco-friendly but chic packaging option. If you prefer a more precious box, to keep for a very long time or to give as a gift, we also offer an ultra-elegant, unsigned 'luxury' option. <br \/>We use neutral packaging made from recycled cardboard.<\/p>\t\t\t\t\t\t\t\t<\/div>\n\t\t\t\t\t<\/div>\n\t\t<\/div>\n\t\t\t\t\t<\/div>\n\t\t<\/section>\n\t\t\t\t<\/div>","protected":false},"excerpt":{"rendered":"<p>Services vendeur Mise en Ligne Nous vous demandons les informations de votre bijou et nous chargeons d&rsquo;\u00e9crire son descriptif d\u00e9taill\u00e9, avec toutes les caract\u00e9ristiques de votre bijou, dont les acheteurs auront besoin pour se d\u00e9cider.Nous faisons des photos professionnelles afin de mettre en lumi\u00e8re votre pi\u00e8ce. Dans le cas du d\u00e9p\u00f4t direct, nous utlisons vos &hellip;<\/p>","protected":false},"author":7,"featured_media":0,"parent":0,"menu_order":0,"comment_status":"closed","ping_status":"closed","template":"elementor_theme","meta":{"_acf_changed":false,"_angie_page":false,"_joinchat":[],"footnotes":""},"class_list":["post-1687","page","type-page","status-publish","hentry"],"acf":[],"_links":{"self":[{"href":"https:\/\/weprecious.com\/en\/wp-json\/wp\/v2\/pages\/1687","targetHints":{"allow":["GET"]}}],"collection":[{"href":"https:\/\/weprecious.com\/en\/wp-json\/wp\/v2\/pages"}],"about":[{"href":"https:\/\/weprecious.com\/en\/wp-json\/wp\/v2\/types\/page"}],"author":[{"embeddable":true,"href":"https:\/\/weprecious.com\/en\/wp-json\/wp\/v2\/users\/7"}],"replies":[{"embeddable":true,"href":"https:\/\/weprecious.com\/en\/wp-json\/wp\/v2\/comments?post=1687"}],"version-history":[{"count":0,"href":"https:\/\/weprecious.com\/en\/wp-json\/wp\/v2\/pages\/1687\/revisions"}],"wp:attachment":[{"href":"https:\/\/weprecious.com\/en\/wp-json\/wp\/v2\/media?parent=1687"}],"curies":[{"name":"wp","href":"https:\/\/api.w.org\/{rel}","templated":true}]}}