{"id":1599,"date":"2022-12-16T11:55:21","date_gmt":"2022-12-16T10:55:21","guid":{"rendered":"https:\/\/www.veryprecieuse.com\/?page_id=1599"},"modified":"2025-04-07T18:57:10","modified_gmt":"2025-04-07T16:57:10","slug":"livraison-retours","status":"publish","type":"page","link":"https:\/\/weprecious.com\/en\/livraison-retours\/","title":{"rendered":"Livraisons et Retours"},"content":{"rendered":"<div data-elementor-type=\"wp-page\" data-elementor-id=\"1599\" class=\"elementor elementor-1599\" data-elementor-post-type=\"page\">\n\t\t\t\t\t\t<section class=\"elementor-section elementor-top-section elementor-element elementor-element-9284037 elementor-section-boxed elementor-section-height-default elementor-section-height-default\" data-id=\"9284037\" data-element_type=\"section\" data-e-type=\"section\">\n\t\t\t\t\t\t<div class=\"elementor-container elementor-column-gap-default\">\n\t\t\t\t\t<div class=\"elementor-column elementor-col-100 elementor-top-column elementor-element elementor-element-a6e1712\" data-id=\"a6e1712\" data-element_type=\"column\" data-e-type=\"column\">\n\t\t\t<div class=\"elementor-widget-wrap elementor-element-populated\">\n\t\t\t\t\t\t<div class=\"elementor-element elementor-element-10d18fb elementor-widget elementor-widget-woocommerce-breadcrumb\" data-id=\"10d18fb\" data-element_type=\"widget\" data-e-type=\"widget\" data-widget_type=\"woocommerce-breadcrumb.default\">\n\t\t\t\t\t<nav class=\"woocommerce-breadcrumb\" aria-label=\"Breadcrumb\" data-no-translation=\"\" data-trp-gettext=\"\">Accueil<\/nav>\t\t\t\t<\/div>\n\t\t\t\t<div class=\"elementor-element elementor-element-a222b72 elementor-widget elementor-widget-heading\" data-id=\"a222b72\" data-element_type=\"widget\" data-e-type=\"widget\" data-widget_type=\"heading.default\">\n\t\t\t\t\t<h1 class=\"elementor-heading-title elementor-size-default\">Livraison et retours<\/h1>\t\t\t\t<\/div>\n\t\t\t\t<div class=\"elementor-element elementor-element-749f409 elementor-widget elementor-widget-heading\" data-id=\"749f409\" data-element_type=\"widget\" data-e-type=\"widget\" data-widget_type=\"heading.default\">\n\t\t\t\t\t<p class=\"elementor-heading-title elementor-size-default\">Transport et paiement s\u00e9curis\u00e9\u200bs<\/p>\t\t\t\t<\/div>\n\t\t\t\t<div class=\"elementor-element elementor-element-2a382b8 elementor-widget elementor-widget-heading\" data-id=\"2a382b8\" data-element_type=\"widget\" data-e-type=\"widget\" data-widget_type=\"heading.default\">\n\t\t\t\t\t<p class=\"elementor-heading-title elementor-size-default\">Nos envois sont s\u00e9curis\u00e9s et assur\u00e9s. Le paquet vous sera d\u00e9livr\u00e9 contre signature, remis en main propre. <br>La plupart de nos envois ont des emballages scell\u00e9s pour pr\u00e9venir toute fraude durant le transport.  Sur chaque bijou est appos\u00e9 un scell\u00e9 de s\u00e9curit\u00e9 permettant de le renvoyer tout en gardant sa tra\u00e7abilit\u00e9.<br>Nous utilisons un syst\u00e8me de paiement s\u00e9curis\u00e9, et nous mettons votre paiement sur un compte bloqu\u00e9 jusqu'\u00e0 ce que le produit soit entre vos mains. Vous aurez 14 jours pour accepter le bijou ou le renvoyer.\n<\/p>\t\t\t\t<\/div>\n\t\t\t\t<div class=\"elementor-element elementor-element-05faa4b elementor-widget elementor-widget-heading\" data-id=\"05faa4b\" data-element_type=\"widget\" data-e-type=\"widget\" data-widget_type=\"heading.default\">\n\t\t\t\t\t<h2 class=\"elementor-heading-title elementor-size-default\">Retours <\/h2>\t\t\t\t<\/div>\n\t\t\t\t<div class=\"elementor-element elementor-element-33fbe43 elementor-widget elementor-widget-heading\" data-id=\"33fbe43\" data-element_type=\"widget\" data-e-type=\"widget\" data-widget_type=\"heading.default\">\n\t\t\t\t\t<p class=\"elementor-heading-title elementor-size-default\">Vous disposez du d\u00e9lai legal de 14 jours apr\u00e8s votre achat pour retourner le produit achet\u00e9 sur notre site ou pour faire une reclamation sur un produit que vous pensez non conforme. Les produits doivent nous \u00eatre renvoy\u00e9s intacts dans leur packaging d'expedition sans avoir \u00e9t\u00e9 port\u00e9s et avec leur scell\u00e9 de s\u00e9curit\u00e9.\nContactez-nous en nous communiquant le num\u00e9ro de commande. Nous vous indiquerons la marche \u00e0 suivre pour effectuer le retour.<\/p>\t\t\t\t<\/div>\n\t\t\t\t\t<\/div>\n\t\t<\/div>\n\t\t\t\t\t<\/div>\n\t\t<\/section>\n\t\t\t\t<\/div>","protected":false},"excerpt":{"rendered":"<p>Livraison et retours Transport et paiement s\u00e9curis\u00e9\u200bs Nos envois sont s\u00e9curis\u00e9s et assur\u00e9s. Le paquet vous sera d\u00e9livr\u00e9 contre signature, remis en main propre. La plupart de nos envois ont des emballages scell\u00e9s pour pr\u00e9venir toute fraude durant le transport. Sur chaque bijou est appos\u00e9 un scell\u00e9 de s\u00e9curit\u00e9 permettant de le renvoyer tout en &hellip;<\/p>","protected":false},"author":2,"featured_media":0,"parent":0,"menu_order":0,"comment_status":"closed","ping_status":"closed","template":"elementor_theme","meta":{"_acf_changed":false,"_angie_page":false,"_joinchat":[],"footnotes":""},"class_list":["post-1599","page","type-page","status-publish","hentry"],"acf":[],"_links":{"self":[{"href":"https:\/\/weprecious.com\/en\/wp-json\/wp\/v2\/pages\/1599","targetHints":{"allow":["GET"]}}],"collection":[{"href":"https:\/\/weprecious.com\/en\/wp-json\/wp\/v2\/pages"}],"about":[{"href":"https:\/\/weprecious.com\/en\/wp-json\/wp\/v2\/types\/page"}],"author":[{"embeddable":true,"href":"https:\/\/weprecious.com\/en\/wp-json\/wp\/v2\/users\/2"}],"replies":[{"embeddable":true,"href":"https:\/\/weprecious.com\/en\/wp-json\/wp\/v2\/comments?post=1599"}],"version-history":[{"count":0,"href":"https:\/\/weprecious.com\/en\/wp-json\/wp\/v2\/pages\/1599\/revisions"}],"wp:attachment":[{"href":"https:\/\/weprecious.com\/en\/wp-json\/wp\/v2\/media?parent=1599"}],"curies":[{"name":"wp","href":"https:\/\/api.w.org\/{rel}","templated":true}]}}