{"id":1579,"date":"2022-12-16T11:44:30","date_gmt":"2022-12-16T10:44:30","guid":{"rendered":"https:\/\/www.veryprecieuse.com\/?page_id=1579"},"modified":"2026-03-16T15:24:47","modified_gmt":"2026-03-16T14:24:47","slug":"legal-information","status":"publish","type":"page","link":"https:\/\/weprecious.com\/en\/mentions-legales\/","title":{"rendered":"Legal Notice"},"content":{"rendered":"<div data-elementor-type=\"wp-page\" data-elementor-id=\"1579\" class=\"elementor elementor-1579\" data-elementor-post-type=\"page\">\n\t\t\t\t\t\t<section class=\"elementor-section elementor-top-section elementor-element elementor-element-9284037 elementor-section-boxed elementor-section-height-default elementor-section-height-default\" data-id=\"9284037\" data-element_type=\"section\" data-e-type=\"section\">\n\t\t\t\t\t\t<div class=\"elementor-container elementor-column-gap-default\">\n\t\t\t\t\t<div class=\"elementor-column elementor-col-100 elementor-top-column elementor-element elementor-element-a6e1712\" data-id=\"a6e1712\" data-element_type=\"column\" data-e-type=\"column\">\n\t\t\t<div class=\"elementor-widget-wrap elementor-element-populated\">\n\t\t\t\t\t\t<div class=\"elementor-element elementor-element-10d18fb elementor-widget elementor-widget-woocommerce-breadcrumb\" data-id=\"10d18fb\" data-element_type=\"widget\" data-e-type=\"widget\" data-widget_type=\"woocommerce-breadcrumb.default\">\n\t\t\t\t\t<nav class=\"woocommerce-breadcrumb\" aria-label=\"Breadcrumb\" data-no-translation=\"\" data-trp-gettext=\"\">Accueil<\/nav>\t\t\t\t<\/div>\n\t\t\t\t<div class=\"elementor-element elementor-element-a222b72 elementor-widget elementor-widget-heading\" data-id=\"a222b72\" data-element_type=\"widget\" data-e-type=\"widget\" data-widget_type=\"heading.default\">\n\t\t\t\t\t<h1 class=\"elementor-heading-title elementor-size-default\">Legal information<\/h1>\t\t\t\t<\/div>\n\t\t\t\t<div class=\"elementor-element elementor-element-493e89e elementor-widget elementor-widget-text-editor\" data-id=\"493e89e\" data-element_type=\"widget\" data-e-type=\"widget\" data-widget_type=\"text-editor.default\">\n\t\t\t\t\t\t\t\t\t<p>Publisher: VERY PRECIEUSE<\/p><p>SAS WITH CAPITAL OF EUR 12.852<\/p><p>3 RUE DE PARME, 75009 PARIS<\/p><p>Tel: +33 679452710<\/p><p>E-Mail :\u00a0<a href=\"mailto:info@veryprecieuse.com\">hello@veryprecieuse.com<\/a><\/p><p>RCS Paris 922286554<\/p><p>Intracommunity VAT number: FRFR52922286554<\/p><p>Chairman, Legal Representative of the company, Publishing Director: Ga\u00ebl de Dorlodot<\/p><p>Website host:<br \/>IONOS SARL<br \/>7, place de la Gare<br \/>BP 70109<br \/>57201 Sarreguemines Cedex<br \/>Telephone: 0970 808 911<br \/>Website: https:\/\/www.ionos.fr<\/p><p>The European Commission's online dispute resolution platform) : <a href=\"https:\/\/ec.europa.eu\/consumers\/odr\" target=\"_blank\" rel=\"noopener\">https:\/\/ec.europa.eu\/consumers\/odr\/<\/a><\/p><p>\u00a9 Copyright Very Pr\u00e9cieuse SAS<\/p>\t\t\t\t\t\t\t\t<\/div>\n\t\t\t\t\t<\/div>\n\t\t<\/div>\n\t\t\t\t\t<\/div>\n\t\t<\/section>\n\t\t\t\t<section class=\"elementor-section elementor-top-section elementor-element elementor-element-8d7b510 elementor-section-boxed elementor-section-height-default elementor-section-height-default\" data-id=\"8d7b510\" data-element_type=\"section\" data-e-type=\"section\">\n\t\t\t\t\t\t<div class=\"elementor-container elementor-column-gap-default\">\n\t\t\t\t\t<div class=\"elementor-column elementor-col-100 elementor-top-column elementor-element elementor-element-626bf1c\" data-id=\"626bf1c\" data-element_type=\"column\" data-e-type=\"column\">\n\t\t\t<div class=\"elementor-widget-wrap elementor-element-populated\">\n\t\t\t\t\t\t<div class=\"elementor-element elementor-element-aebb5b1 elementor-widget elementor-widget-text-editor\" data-id=\"aebb5b1\" data-element_type=\"widget\" data-e-type=\"widget\" data-widget_type=\"text-editor.default\">\n\t\t\t\t\t\t\t\t\t<p><span><span style=\"font-weight: bold;\">Protection des donn\u00e9es personnelles<\/span><\/span><\/p>\n<p>En application de la loi 78-17 du<span>&nbsp;&nbsp;<\/span>6 janvier 1978 modifi\u00e9e par la loi n\u00b02018-493 du 20 juin 2018, il est rappel\u00e9 que les donn\u00e9es nominatives demand\u00e9es \u00e0 l\u2019Acheteur et au Vendeur par la soci\u00e9t\u00e9 Very Pr\u00e9cieuse SAS sont n\u00e9cessaires \u00e0 la passation et au traitement de sa commande. Ces donn\u00e9es sont collect\u00e9es pour l&rsquo;achat, la mise en vente, la r\u00e9ception de nos communications et pour l&rsquo;envoi de nos offres privil\u00e8ges et acc\u00e8s VIP.<\/p>\n<p>Under no circumstances may they be used for any other purpose.<\/p>\n<p>Each Seller only has access, after specific and justified requests, to the data provided by the Buyer to Very Pr\u00e9cieuse SAS when the order is placed.<\/p>\n<p>It should be noted that the Sellers are aware of the data necessary for Customer orders relating to Product orders collected by Very Pr\u00e9cieuse SAS. Customers are informed by Very Pr\u00e9cieuse SAS that this data, and in particular the information necessary for the delivery of the Products, is transferred, for this sole purpose, to the Sellers, who undertake to use this data only for information relating to the delivery of the Products and to enable them to fulfil their legal obligations relating thereto. They undertake not to keep any copy of this data once the legal guarantees of conformity and hidden defects of the Products ordered have expired, any other use being strictly prohibited.<\/p>\n<p>Very Pr\u00e9cieuse SAS undertakes to ensure the security of the personal data it stores for the purposes of processing and tracking orders.<\/p>\n<p>The processing of information communicated via the website&nbsp;<i>weprecious.com<\/i>&nbsp;complies with the legal requirements for the protection of personal data, and the information system used ensures optimum protection of this data.<\/p>\n<p>In accordance with current national and European regulations, the Buyer and the Seller have a permanent right of access, modification, rectification, opposition, portability and limitation of the processing of information concerning them.<\/p>\n<p style=\"margin-bottom: 24px;\">This right can be exercised under the conditions and according to the procedures defined on the website&nbsp;<i>weprecious.com<\/i>.<\/p>\t\t\t\t\t\t\t\t<\/div>\n\t\t\t\t\t<\/div>\n\t\t<\/div>\n\t\t\t\t\t<\/div>\n\t\t<\/section>\n\t\t\t\t<\/div>","protected":false},"excerpt":{"rendered":"<p>Mentions L\u00e9gales Editeur: VERY PRECIEUSE SAS AU CAPITAL DE 12,852 EUR 3 RUE DE PARME, 75009 PARIS T\u00e9l. : +33 679452710 E-Mail :\u00a0hello@veryprecieuse.com RCS Paris 922286554 Num\u00e9ro de TVA intracommunautaire : FRFR52922286554 Pr\u00e9sident, Repr\u00e9sentant l\u00e9gal de la soci\u00e9t\u00e9, Directeur de Publication : Ga\u00ebl de Dorlodot H\u00e9bergeur du site internet:IONOS SARL7, place de la GareBP 7010957201 &hellip;<\/p>","protected":false},"author":2,"featured_media":0,"parent":0,"menu_order":0,"comment_status":"closed","ping_status":"closed","template":"elementor_theme","meta":{"_acf_changed":false,"_joinchat":[],"footnotes":""},"class_list":["post-1579","page","type-page","status-publish","hentry"],"acf":[],"_links":{"self":[{"href":"https:\/\/weprecious.com\/en\/wp-json\/wp\/v2\/pages\/1579","targetHints":{"allow":["GET"]}}],"collection":[{"href":"https:\/\/weprecious.com\/en\/wp-json\/wp\/v2\/pages"}],"about":[{"href":"https:\/\/weprecious.com\/en\/wp-json\/wp\/v2\/types\/page"}],"author":[{"embeddable":true,"href":"https:\/\/weprecious.com\/en\/wp-json\/wp\/v2\/users\/2"}],"replies":[{"embeddable":true,"href":"https:\/\/weprecious.com\/en\/wp-json\/wp\/v2\/comments?post=1579"}],"version-history":[{"count":0,"href":"https:\/\/weprecious.com\/en\/wp-json\/wp\/v2\/pages\/1579\/revisions"}],"wp:attachment":[{"href":"https:\/\/weprecious.com\/en\/wp-json\/wp\/v2\/media?parent=1579"}],"curies":[{"name":"wp","href":"https:\/\/api.w.org\/{rel}","templated":true}]}}