{"id":12750,"date":"2024-10-16T13:34:08","date_gmt":"2024-10-16T11:34:08","guid":{"rendered":"https:\/\/weprecious.com\/?page_id=12750"},"modified":"2025-09-10T13:04:09","modified_gmt":"2025-09-10T11:04:09","slug":"dinh-van-handcuffs-collection","status":"publish","type":"page","link":"https:\/\/weprecious.com\/en\/collection-menottes-dinh-van\/","title":{"rendered":"Dinh Van Handcuffs Collection"},"content":{"rendered":"<h2>Dinh Van Handcuffs Jewellery<\/h2>\n<h2>Used Dinh Van Handcuffs collection<\/h2>\n<h2>Dinh Van Handcuffs Collection<\/h2>\n<p>Explore our selection of jewellery from the <a href=\"https:\/\/weprecious.com\/en\/shop\/brands-2\/dinh-van\/handcuffs\/\" target=\"_blank\" rel=\"noopener\">Dinh Van handcuffs collection<\/a> and learn more about the company's iconic collections. Each piece of Menottes Dinh Van jewellery is authenticated and in excellent condition, guaranteeing a quality investment.<\/p>\n<p>\t\t\t\t\t\t\t\t\t\t\t\t\t\t\t\t<a href=\"https:\/\/weprecious.com\/en\/shop\/brands-2\/dinh-van\/handcuffs\/\" target=\"_blank\"><br \/>\n\t\t\t\t\t\t\t<img decoding=\"async\" width=\"1000\" height=\"1000\" src=\"https:\/\/weprecious.com\/wp-content\/uploads\/2024\/10\/dinh-van-bague-menottes-R7-or-jaune-ps.jpg\" alt=\"Second hand Dinh Van Handcuffs ring : Authenticated jewel\" loading=\"lazy\" srcset=\"https:\/\/weprecious.com\/wp-content\/uploads\/2024\/10\/dinh-van-bague-menottes-R7-or-jaune-ps.jpg 1000w, https:\/\/weprecious.com\/wp-content\/uploads\/2024\/10\/dinh-van-bague-menottes-R7-or-jaune-ps-300x300.jpg 300w, https:\/\/weprecious.com\/wp-content\/uploads\/2024\/10\/dinh-van-bague-menottes-R7-or-jaune-ps-150x150.jpg 150w, https:\/\/weprecious.com\/wp-content\/uploads\/2024\/10\/dinh-van-bague-menottes-R7-or-jaune-ps-768x768.jpg 768w, https:\/\/weprecious.com\/wp-content\/uploads\/2024\/10\/dinh-van-bague-menottes-R7-or-jaune-ps-350x350.jpg 350w, https:\/\/weprecious.com\/wp-content\/uploads\/2024\/10\/dinh-van-bague-menottes-R7-or-jaune-ps-680x680.jpg 680w, https:\/\/weprecious.com\/wp-content\/uploads\/2024\/10\/dinh-van-bague-menottes-R7-or-jaune-ps-100x100.jpg 100w\" sizes=\"auto, (max-width: 1000px) 100vw, 1000px\" \/>\t\t\t\t\t\t\t\t<\/a><\/p>\n<h3>Dinh Van Jewellery collection Handcuffs<\/h3>\n<h3>The history of the collection<\/h3>\n<h3>Dinh Van handcuffs<\/h3>\n<p><a href=\"https:\/\/weprecious.com\/en\/shop\/brands-2\/dinh-van\/handcuffs\/\" target=\"_blank\" rel=\"noopener\">The Dinh Van handcuffs collection<\/a>launched in 1976 by designer Jean Dinh Van, is emblematic of the audacious and contemporary spirit of the <a href=\"https:\/\/weprecious.com\/en\/used-dinh-van-jewellery\/\" target=\"_blank\" rel=\"noopener\">French jewellery house Dinh Van<\/a>. Inspired by freedom, this collection is distinguished by its playful design, featuring handcuff motifs that symbolise union and attachment. The idea behind the collection is to capture the beauty of the bonds that unite people, whether they are lovers or friends. Since its launch, <strong>Dinh Van handcuffs collection<\/strong> has won over customers looking for jewellery that is both modern and meaningful.<\/p>\n<p>\t\t\t\t\t<a href=\"https:\/\/weprecious.com\/en\/shop\/brands-2\/dinh-van\/\" target=\"_blank\"><br \/>\n\t\t\t\t\t\t\t\t\tDiscover more jewellery<br \/>\n\t\t\t\t\t<\/a><\/p>\n<h3>Meaning of Dinh Van handcuffs<\/h3>\n<h3>Dinh Van handcuffs :\u00a0<\/h3>\n<h3>Freedom and attachment<\/h3>\n<p><a href=\"https:\/\/weprecious.com\/en\/shop\/brands-2\/dinh-van\/handcuffs\/\" target=\"_blank\" rel=\"noopener\">The Dinh Van handcuffs collection <\/a>embodies values of freedom and connection. The handcuff motifs, which link two elements, symbolise the idea that human relationships are both strong and delicate. Each piece of jewellery in this collection is designed to be worn alone or in combination. The pieces are often adorned with polished finishes that add a touch of elegance to each creation. Whether for a special occasion or for everyday wear, the creations of <strong>Dinh Van handcuffs collection<\/strong> add a modern, meaningful touch to any outfit.<\/p>\n<p>\t\t\t\t\t<a href=\"https:\/\/weprecious.com\/en\/shop\/brands-2\/dinh-van\/\" target=\"_blank\"><br \/>\n\t\t\t\t\t\t\t\t\tDiscover more jewellery<br \/>\n\t\t\t\t\t<\/a><br \/>\n\t\t\t\t\t\t\t\t\t\t\t\t\t\t\t\t<a href=\"https:\/\/weprecious.com\/en\/shop\/brands-2\/dinh-van\/handcuffs\/\" target=\"_blank\"><br \/>\n\t\t\t\t\t\t\t<img decoding=\"async\" width=\"1000\" height=\"1000\" src=\"https:\/\/weprecious.com\/wp-content\/uploads\/2023\/09\/dinh-van-menotte-r15-collier-argent-pp.jpg\" alt=\"Authentic second-hand Dinh Van handcuffs necklace\" loading=\"lazy\" srcset=\"https:\/\/weprecious.com\/wp-content\/uploads\/2023\/09\/dinh-van-menotte-r15-collier-argent-pp.jpg 1000w, https:\/\/weprecious.com\/wp-content\/uploads\/2023\/09\/dinh-van-menotte-r15-collier-argent-pp-300x300.jpg 300w, https:\/\/weprecious.com\/wp-content\/uploads\/2023\/09\/dinh-van-menotte-r15-collier-argent-pp-150x150.jpg 150w, https:\/\/weprecious.com\/wp-content\/uploads\/2023\/09\/dinh-van-menotte-r15-collier-argent-pp-768x768.jpg 768w, https:\/\/weprecious.com\/wp-content\/uploads\/2023\/09\/dinh-van-menotte-r15-collier-argent-pp-350x350.jpg 350w, https:\/\/weprecious.com\/wp-content\/uploads\/2023\/09\/dinh-van-menotte-r15-collier-argent-pp-680x680.jpg 680w, https:\/\/weprecious.com\/wp-content\/uploads\/2023\/09\/dinh-van-menotte-r15-collier-argent-pp-100x100.jpg 100w\" sizes=\"auto, (max-width: 1000px) 100vw, 1000px\" \/>\t\t\t\t\t\t\t\t<\/a><\/p>\n<h2>Notre s\u00e9lection Menottes Dinh Van d&rsquo;occasion<\/h2>\n<p>\t\t\t\t\t<a href=\"https:\/\/weprecious.com\/en\/shop\/brands-2\/dinh-van\/\" target=\"_blank\"><br \/>\n\t\t\t\t\t\t\t\t\tDiscover more jewellery<br \/>\n\t\t\t\t\t<\/a><\/p>\n<p><a href=\"https:\/\/weprecious.com\/en\/shop\/brands-2\/dinh-van\/handcuffs\/\" target=\"_blank\" rel=\"noopener\">Second-hand Dinh Van handcuffs jewellery<\/a>\u00a0rigorously selected for their quality and beauty, and whose authenticity we have carefully assessed with a partner expert, are genuine works of art from a\u00a0<strong>jewellery-making expertise<\/strong>\u00a0remarkable. Find out more about our\u00a0<a href=\"https:\/\/weprecious.com\/en\/shop\/brands-2\/dinh-van\/\" target=\"_blank\" rel=\"noopener\">second-hand Dinh Van parts<\/a>\u00a0on weprecious.com.<\/p>\n<p>\t\t\t\t\t\t\t\t\t\t\t\t\t\t\t\t<a href=\"https:\/\/weprecious.com\/en\/meaning-of-chinese-pi-dinh-van\/\" target=\"_blank\"><br \/>\n\t\t\t\t\t\t\t<img decoding=\"async\" width=\"1000\" height=\"1000\" src=\"https:\/\/weprecious.com\/wp-content\/uploads\/2024\/10\/dinh-van-pendentif-pi-35-or-jaune-martele-mk.jpg-amb.jpg\" alt=\"Second hand Pi Dinh Van pendant : Authentic jewellery - iconic dinh van jewellery\" loading=\"lazy\" srcset=\"https:\/\/weprecious.com\/wp-content\/uploads\/2024\/10\/dinh-van-pendentif-pi-35-or-jaune-martele-mk.jpg-amb.jpg 1000w, https:\/\/weprecious.com\/wp-content\/uploads\/2024\/10\/dinh-van-pendentif-pi-35-or-jaune-martele-mk.jpg-amb-300x300.jpg 300w, https:\/\/weprecious.com\/wp-content\/uploads\/2024\/10\/dinh-van-pendentif-pi-35-or-jaune-martele-mk.jpg-amb-150x150.jpg 150w, https:\/\/weprecious.com\/wp-content\/uploads\/2024\/10\/dinh-van-pendentif-pi-35-or-jaune-martele-mk.jpg-amb-768x768.jpg 768w, https:\/\/weprecious.com\/wp-content\/uploads\/2024\/10\/dinh-van-pendentif-pi-35-or-jaune-martele-mk.jpg-amb-350x350.jpg 350w, https:\/\/weprecious.com\/wp-content\/uploads\/2024\/10\/dinh-van-pendentif-pi-35-or-jaune-martele-mk.jpg-amb-680x680.jpg 680w, https:\/\/weprecious.com\/wp-content\/uploads\/2024\/10\/dinh-van-pendentif-pi-35-or-jaune-martele-mk.jpg-amb-100x100.jpg 100w\" sizes=\"auto, (max-width: 1000px) 100vw, 1000px\" \/>\t\t\t\t\t\t\t\t<\/a><\/p>\n<h2>Chinese Pi at Dinh Van<\/h2>\n<p>Significance and history<\/p>\n<p>\t\t\t\t\t<a href=\"https:\/\/weprecious.com\/en\/meaning-of-chinese-pi-dinh-van\/\" target=\"_blank\"><br \/>\n\t\t\t\t\t\t\t\t\tFind out more<br \/>\n\t\t\t\t\t<\/a><\/p>\n<h2>FAQ<\/h2>\n<p>You will find below the answers to your most frequently asked questions about the Dinh Van Handcuffs collection. If you can't find the answer to your question, send us an email to <a href=\"mailto:hello@weprecious.com\" target=\"_blank\" rel=\"noopener\">hello@weprecious.com<\/a>.<\/p>\n<p>\t\t\t\t\t\t\t\t\t\t\t\t<a tabindex=\"0\">+ Pourquoi acheter un bijou Menottes Dinh Van d&rsquo;occasion chez weprecious ?<\/a><\/p>\n<p>Buy a\u00a0<strong>pre-owned jewellery from the Menottes Dinh Van collection <\/strong>offers the opportunity to acquire a piece of fine jewellery at a more affordable price. It also allows you to unearth rare models that are sometimes impossible to find in current collections. By choosing second-hand jewellery, you are adopting a more responsible approach by giving a new lease of life to exceptional creations.<\/p>\n<p>\t\t\t\t\t\t\t\t\t\t\t\t<a tabindex=\"0\">+ Quels types de bijoux Menottes Dinh Van d&rsquo;occasion sont propos\u00e9s chez weprecious ?<\/a><\/p>\n<p>We offer a selection of <strong>from<\/strong>\u00a0<strong>iconic pieces Dinh Van handcuffs<\/strong>\u00a0<strong>used<\/strong>including rings, bracelets, necklaces and earrings. Each piece of jewellery is authentic and carefully checked to guarantee its quality.<\/p>\n<p>\t\t\t\t\t\t\t\t\t\t\t\t<a tabindex=\"0\">+ Comment v\u00e9rifier l&rsquo;authenticit\u00e9 d&rsquo;un bijou Menottes Dinh Van d&rsquo;occasion ?<\/a><\/p>\n<p>You want to buy\u00a0<strong>jewellery Used Dinh Van handcuffs<\/strong>\u00a0and you want to check its authenticity:<\/p>\n<ul>\n<li><strong>Check the documentation:<\/strong>\u00a0Make sure that the jewellery is accompanied by official documents and the original packaging.<\/li>\n<li><strong>Check the serial number :<\/strong>\u00a0Look for the unique serial number engraved on the jewellery and check that it matches the documentation.\u00a0<\/li>\n<li><strong>Evaluate quality:<\/strong> Look at the finish and detail of the jewellery; Dinh Van jewellery is renowned for its manufacturing excellence.<\/li>\n<\/ul>\n<p>Of course, the authentication of your jewellery by an expert should not be overlooked. At weprecious, all our creations are certified and appraised by a partner expert.<\/p>\n<p>\t\t\t\t\t\t\t\t\t\t\t\t<a tabindex=\"0\">+ Les bijoux Menottes Dinh Van d&rsquo;occasion propos\u00e9s chez weprecious sont-ils authentifi\u00e9s par des experts ?<\/a><\/p>\n<p>Every piece of Menottes Dinh Van jewellery sold is meticulously appraised and certified by our partner expert. We provide a certificate of expertise for each piece sold. In addition, some pre-owned Menottes Dinh Van jewellery comes with the brand's original certificates and boxes, as indicated on the product sheet.<\/p>\n<p>If you have any questions or doubts about your purchase, our customer service team is available to assist you. In the event of serious concerns, we undertake to re-examine the product to ensure that it matches the one you ordered from weprecious.<\/p>\n<p>\t\t\t\t\t\t\t\t\t\t\t\t<a tabindex=\"0\">+ Comment vendre mon bijou Menottes Dinh Van d&rsquo;occasion avec weprecious ?<\/a><\/p>\n<p>You want to sell your\u00a0<strong>second-hand Dinh Van jewellery<\/strong>\u00a0?\u00a0<\/p>\n<p>The process is simple; you have 2 options.<\/p>\n<ul>\n<li><strong>Deposit<\/strong>\u00a0You entrust us with your jewellery so that we can take the professional photos and put them online. We draw up a contract and send you all the information you need for the insured and secure dispatch of your jewellery.<\/li>\n<\/ul>\n<ul>\n<li><strong>Direct connection<\/strong>\u00a0we put your jewellery online without a deposit, with the photos you provide. If you choose this mode, we will ask you to take photos as follows\u00a0<a href=\"https:\/\/weprecious.com\/en\/photograph-your-jewellery\/\" target=\"_blank\" rel=\"noopener\">the good photographer's guide<\/a>\u00a0and to provide us with all the information we need to put the item online and carry out the pre-appraisal. Only when your jewellery has been sold will we organise shipping.<\/li>\n<\/ul>\n<p>Fill in\u00a0<a href=\"https:\/\/weprecious.com\/en\/sell-a-jewel\/\" target=\"_blank\" rel=\"noopener\">the form below.\u00a0<\/a>You will receive confirmation or a price and sale proposal within 48 hours (working days). Your jewellery is then put on line and you receive payment when it is sold.<b>.\u00a0<\/b>Join our circle of sellers and benefit from a 5-star service with the best commission on the market.<\/p>\n<p>Your jewellery is in safe hands!<\/p>\n<p>\t\t\t\t\t\t\t\t\t\t\t\t<a tabindex=\"0\">+ Comment fixer le bon prix pour mes bijoux Menottes Dinh Van d&rsquo;occasion?<\/a><\/p>\n<p>We can help you determine the optimum price for <strong>your second-hand Dinh Van handcuffs jewellery<\/strong> Our price scale ensures a fair value for both seller and buyer, reflecting the current market price. This scale considers a number of factors, including the jewel's original price, the year it was acquired, its condition, and the presence of original certificates and boxes. We also take into account more subjective aspects such as demand and the rarity of the piece, whether on the new or second-hand market.<\/p>\n<p>To maximise the resale value of <strong>your jewellery Handcuffs Dinh Van second hand<\/strong>We offer cleaning, maintenance and light polishing services to revive their lustre and enhance their appeal in the luxury jewellery market.<\/p>\n<p>\t\t\t\t\t\t\t\t\t\t\t\t<a tabindex=\"0\">+  Comment entretenir mes bijoux Menottes Dinh Van d&rsquo;occasion ?<\/a><\/p>\n<p>To preserve the quality of <strong>your jewellery Handcuffs Dinh Van second hand<\/strong>To clean it, wipe gently with a soft, dry cloth. Avoid exposing it to chemicals such as perfumes and cleaners, and keep it in a dry place separate from your other jewellery to avoid scratches. Annual professional inspection and polishing is recommended to maintain the beauty and durability of your pre-owned luxury jewellery.<\/p>\n<p>For more information, see our <a href=\"https:\/\/weprecious.com\/en\/prendre-soin-de-ses-bijoux-8-trucs-et-astuces-pour-entretien-de-vos-bijoux-en-or-et-en-argent\/\" target=\"_blank\" rel=\"noopener\">interview guide<\/a>.<\/p>\n<p>Follow our news and behind-the-scenes on instagram\u00a0<a style=\"font-weight: var( --e-global-typography-text-font-weight ); background-color: #ffffff; font-family: &#039;Abril Fatface&#039;, sans-serif; font-size: 16px; text-align: center;\" title=\"dofollow\" href=\"https:\/\/www.instagram.com\/weprecious_fr\/\" target=\"_blank\" rel=\"noopener nofollow\">@weprecious_en<\/a><\/p>","protected":false},"excerpt":{"rendered":"<p>Bijoux Menottes Dinh Van Collection Menottes Dinh Van occasion Collection Menottes de Dinh Van Explorez notre s\u00e9lection de bijoux de la collection Menottes de Dinh Van et apprenez-en plus sur les collections iconiques de la maison. Chaque bijou Menottes Dinh Van est authentifi\u00e9 et en excellent \u00e9tat, garantissant un investissement de qualit\u00e9. Bijoux collection Menottes &hellip;<\/p>","protected":false},"author":123,"featured_media":5960,"parent":0,"menu_order":0,"comment_status":"closed","ping_status":"closed","template":"","meta":{"_acf_changed":false,"_angie_page":false,"_joinchat":[],"footnotes":""},"class_list":["post-12750","page","type-page","status-publish","has-post-thumbnail","hentry"],"acf":[],"_links":{"self":[{"href":"https:\/\/weprecious.com\/en\/wp-json\/wp\/v2\/pages\/12750","targetHints":{"allow":["GET"]}}],"collection":[{"href":"https:\/\/weprecious.com\/en\/wp-json\/wp\/v2\/pages"}],"about":[{"href":"https:\/\/weprecious.com\/en\/wp-json\/wp\/v2\/types\/page"}],"author":[{"embeddable":true,"href":"https:\/\/weprecious.com\/en\/wp-json\/wp\/v2\/users\/123"}],"replies":[{"embeddable":true,"href":"https:\/\/weprecious.com\/en\/wp-json\/wp\/v2\/comments?post=12750"}],"version-history":[{"count":0,"href":"https:\/\/weprecious.com\/en\/wp-json\/wp\/v2\/pages\/12750\/revisions"}],"wp:featuredmedia":[{"embeddable":true,"href":"https:\/\/weprecious.com\/en\/wp-json\/wp\/v2\/media\/5960"}],"wp:attachment":[{"href":"https:\/\/weprecious.com\/en\/wp-json\/wp\/v2\/media?parent=12750"}],"curies":[{"name":"wp","href":"https:\/\/api.w.org\/{rel}","templated":true}]}}